{"id":343022,"date":"2026-01-22T11:40:46","date_gmt":"2026-01-22T14:40:46","guid":{"rendered":"https:\/\/www.livrariarema.com.br\/loja\/produtos\/sem categoria\/biblia-jesus-copy-naa-luxo-com-espaco-para-anotacao-preta\/"},"modified":"2026-01-22T11:40:49","modified_gmt":"2026-01-22T14:40:49","slug":"biblia-jesus-copy-naa-luxo-com-espaco-para-anotacao-preta","status":"publish","type":"product","link":"https:\/\/www.livrariarema.com.br\/loja\/produtos\/biblias\/nvi\/biblia-jesus-copy-naa-luxo-com-espaco-para-anotacao-preta\/","title":{"rendered":"B\u00edblia Jesus Copy &#8211; Naa &#8211; Luxo &#8211; Com Espa\u00e7o Para Anota\u00e7\u00e3o &#8211; Preta"},"content":{"rendered":"<p>Mais do que apenas ler a Palavra, agora voc\u00ea pode registrar reflex\u00f5es, ora\u00e7\u00f5es e insights que o Esp\u00edrito Santo ministrar ao seu cora\u00e7\u00e3o. Esta B\u00edblia na tradu\u00e7\u00e3o Nova Almeida Atualizada (NAA) combina fidelidade ao texto original com uma linguagem clara e atual, tornando a leitura acess\u00edvel e profunda.<\/p>\n<p>Com amplo espa\u00e7o lateral para anota\u00e7\u00f5es, ela \u00e9 ideal para quem deseja estudar de forma personalizada, marcar vers\u00edculos e construir um legado espiritual para si e para as pr\u00f3ximas gera\u00e7\u00f5es.<\/p>\n","protected":false},"excerpt":{"rendered":"<p>Mais do que apenas ler a Palavra, agora voc\u00ea pode registrar reflex\u00f5es, ora\u00e7\u00f5es e insights que o Esp\u00edrito Santo ministrar&hellip;<\/p>\n","protected":false},"featured_media":343021,"comment_status":"open","ping_status":"closed","template":"","meta":[],"product_cat":[139,166],"product_tag":[],"_links":{"self":[{"href":"https:\/\/www.livrariarema.com.br\/loja\/wp-json\/wp\/v2\/product\/343022"}],"collection":[{"href":"https:\/\/www.livrariarema.com.br\/loja\/wp-json\/wp\/v2\/product"}],"about":[{"href":"https:\/\/www.livrariarema.com.br\/loja\/wp-json\/wp\/v2\/types\/product"}],"replies":[{"embeddable":true,"href":"https:\/\/www.livrariarema.com.br\/loja\/wp-json\/wp\/v2\/comments?post=343022"}],"wp:featuredmedia":[{"embeddable":true,"href":"https:\/\/www.livrariarema.com.br\/loja\/wp-json\/wp\/v2\/media\/343021"}],"wp:attachment":[{"href":"https:\/\/www.livrariarema.com.br\/loja\/wp-json\/wp\/v2\/media?parent=343022"}],"wp:term":[{"taxonomy":"product_cat","embeddable":true,"href":"https:\/\/www.livrariarema.com.br\/loja\/wp-json\/wp\/v2\/product_cat?post=343022"},{"taxonomy":"product_tag","embeddable":true,"href":"https:\/\/www.livrariarema.com.br\/loja\/wp-json\/wp\/v2\/product_tag?post=343022"}],"curies":[{"name":"wp","href":"https:\/\/api.w.org\/{rel}","templated":true}]}}