{"id":343028,"date":"2026-01-22T11:41:42","date_gmt":"2026-01-22T14:41:42","guid":{"rendered":"https:\/\/www.livrariarema.com.br\/loja\/produtos\/sem categoria\/biblia-jesus-copy-nvi-luxo-letra-grande-marrom\/"},"modified":"2026-02-09T16:22:11","modified_gmt":"2026-02-09T19:22:11","slug":"biblia-jesus-copy-nvi-luxo-letra-grande-marrom","status":"publish","type":"product","link":"https:\/\/www.livrariarema.com.br\/loja\/produtos\/biblias\/nvi\/biblia-jesus-copy-nvi-luxo-letra-grande-marrom\/","title":{"rendered":"B\u00edblia Jesus Copy &#8211; Nvi &#8211; Luxo &#8211; Letra Grande &#8211; Marrom"},"content":{"rendered":"<p>Conhe\u00e7a a nossa B\u00edblia Luxo, na vers\u00e3o NVI (Nova Vers\u00e3o Internacional). Ela vem com uma capa de couro super elegante e letras grandes, perfeitas para quem usa \u00f3culos (ou s\u00f3 quer mais conforto na leitura!). Al\u00e9m de bonita, \u00e9 super pr\u00e1tica e f\u00e1cil de levar para qualquer lugar. Se voc\u00ea quer uma B\u00edblia que seja t\u00e3o estilosa quanto poderosa, essa \u00e9 a escolha certa!<\/p>\n","protected":false},"excerpt":{"rendered":"<p>Conhe\u00e7a a nossa B\u00edblia Luxo, na vers\u00e3o NVI (Nova Vers\u00e3o Internacional). Ela vem com uma capa de couro super elegante&hellip;<\/p>\n","protected":false},"featured_media":343027,"comment_status":"open","ping_status":"closed","template":"","meta":[],"product_cat":[139,166],"product_tag":[],"_links":{"self":[{"href":"https:\/\/www.livrariarema.com.br\/loja\/wp-json\/wp\/v2\/product\/343028"}],"collection":[{"href":"https:\/\/www.livrariarema.com.br\/loja\/wp-json\/wp\/v2\/product"}],"about":[{"href":"https:\/\/www.livrariarema.com.br\/loja\/wp-json\/wp\/v2\/types\/product"}],"replies":[{"embeddable":true,"href":"https:\/\/www.livrariarema.com.br\/loja\/wp-json\/wp\/v2\/comments?post=343028"}],"wp:featuredmedia":[{"embeddable":true,"href":"https:\/\/www.livrariarema.com.br\/loja\/wp-json\/wp\/v2\/media\/343027"}],"wp:attachment":[{"href":"https:\/\/www.livrariarema.com.br\/loja\/wp-json\/wp\/v2\/media?parent=343028"}],"wp:term":[{"taxonomy":"product_cat","embeddable":true,"href":"https:\/\/www.livrariarema.com.br\/loja\/wp-json\/wp\/v2\/product_cat?post=343028"},{"taxonomy":"product_tag","embeddable":true,"href":"https:\/\/www.livrariarema.com.br\/loja\/wp-json\/wp\/v2\/product_tag?post=343028"}],"curies":[{"name":"wp","href":"https:\/\/api.w.org\/{rel}","templated":true}]}}