{"id":343038,"date":"2026-01-22T11:42:41","date_gmt":"2026-01-22T14:42:41","guid":{"rendered":"https:\/\/www.livrariarema.com.br\/loja\/produtos\/sem categoria\/biblia-jesus-copy-nvi-sticker-2-0-preta\/"},"modified":"2026-03-26T15:10:52","modified_gmt":"2026-03-26T18:10:52","slug":"biblia-jesus-copy-nvi-sticker-2-0-preta","status":"publish","type":"product","link":"https:\/\/www.livrariarema.com.br\/loja\/produtos\/biblias\/nvi\/biblia-jesus-copy-nvi-sticker-2-0-preta\/","title":{"rendered":"B\u00edblia Jesus Copy &#8211; Nvi &#8211; Sticker 2.0 &#8211; Preta"},"content":{"rendered":"<p>Essa B\u00edblia faz parte da nova cole\u00e7\u00e3o de B\u00edblias Sticker 2.0 JesusCopy. Essa faz parte de uma cole\u00e7\u00e3o de B\u00edblias com capa minimalista e totalmente personaliz\u00e1vel. Junto dela vem 5 cartelas de adesivos personalizados para voc\u00ea colar e mont\u00e1-la do seu jeito!<\/p>\n","protected":false},"excerpt":{"rendered":"<p>Essa B\u00edblia faz parte da nova cole\u00e7\u00e3o de B\u00edblias Sticker 2.0 JesusCopy. Essa faz parte de uma cole\u00e7\u00e3o de B\u00edblias&hellip;<\/p>\n","protected":false},"featured_media":343037,"comment_status":"open","ping_status":"closed","template":"","meta":[],"product_cat":[139,166],"product_tag":[],"_links":{"self":[{"href":"https:\/\/www.livrariarema.com.br\/loja\/wp-json\/wp\/v2\/product\/343038"}],"collection":[{"href":"https:\/\/www.livrariarema.com.br\/loja\/wp-json\/wp\/v2\/product"}],"about":[{"href":"https:\/\/www.livrariarema.com.br\/loja\/wp-json\/wp\/v2\/types\/product"}],"replies":[{"embeddable":true,"href":"https:\/\/www.livrariarema.com.br\/loja\/wp-json\/wp\/v2\/comments?post=343038"}],"wp:featuredmedia":[{"embeddable":true,"href":"https:\/\/www.livrariarema.com.br\/loja\/wp-json\/wp\/v2\/media\/343037"}],"wp:attachment":[{"href":"https:\/\/www.livrariarema.com.br\/loja\/wp-json\/wp\/v2\/media?parent=343038"}],"wp:term":[{"taxonomy":"product_cat","embeddable":true,"href":"https:\/\/www.livrariarema.com.br\/loja\/wp-json\/wp\/v2\/product_cat?post=343038"},{"taxonomy":"product_tag","embeddable":true,"href":"https:\/\/www.livrariarema.com.br\/loja\/wp-json\/wp\/v2\/product_tag?post=343038"}],"curies":[{"name":"wp","href":"https:\/\/api.w.org\/{rel}","templated":true}]}}