{"id":343043,"date":"2026-01-22T11:43:09","date_gmt":"2026-01-22T14:43:09","guid":{"rendered":"https:\/\/www.livrariarema.com.br\/loja\/produtos\/sem categoria\/anatomia-profetica-daniel-vaz\/"},"modified":"2026-04-02T17:50:39","modified_gmt":"2026-04-02T20:50:39","slug":"anatomia-profetica-daniel-vaz","status":"publish","type":"product","link":"https:\/\/www.livrariarema.com.br\/loja\/produtos\/livros\/vida-crista\/anatomia-profetica-daniel-vaz\/","title":{"rendered":"Anatomia Prof\u00e9tica &#8211; Daniel Vaz"},"content":{"rendered":"<p>O papel do minist\u00e9rio prof\u00e9tico para o corpo de Cristo nos \u00faltimos dias<br \/>\nEmbora Deus fale conosco no \u00e2mbito pessoal, a profecia n\u00e3o se resume a isso. Anatomia prof\u00e9tica nos ensina que \u00e9 atrav\u00e9s das escrituras que percebemos que a Palavra Prof\u00e9tica para seu povo est\u00e1 revelando o plano Eterno do Deus invis\u00edvel.<\/p>\n<p>Deus nos disse, atrav\u00e9s do Ap\u00f3stolo Pedro, que far\u00edamos muito bem se nos atent\u00e1ssemos a palavra prof\u00e9tica das escrituras que iluminar\u00e1 o caminho da Igreja para seguir el at\u00e9 o Dia de Cristo.<\/p>\n<p>Daniel Vaz \u00e9 casado com Thamires Garcia, e juntos s\u00e3o pais do John. Pastor e fundador da igreja: Maranatha Global Missions. Tem se dedicado ao estudo exaustivo das Escrituras. Sempre com l\u00e1grimas nos olhos e o cora\u00e7\u00e3o ardendo pela Palavra do Senhor e a Beleza de Cristo. Seu trabalho resume-se a Lucas 1:17 &#8211; &#8220;para converter o cora\u00e7\u00e3o de pais a filhos, dos desobedientes \u00e0 prud\u00eancia dos justos e habilitar para o Senhor um povo preparado.&#8221;<\/p>\n","protected":false},"excerpt":{"rendered":"<p>O papel do minist\u00e9rio prof\u00e9tico para o corpo de Cristo nos \u00faltimos dias Embora Deus fale conosco no \u00e2mbito pessoal,&hellip;<\/p>\n","protected":false},"featured_media":343042,"comment_status":"open","ping_status":"closed","template":"","meta":[],"product_cat":[134,137],"product_tag":[],"_links":{"self":[{"href":"https:\/\/www.livrariarema.com.br\/loja\/wp-json\/wp\/v2\/product\/343043"}],"collection":[{"href":"https:\/\/www.livrariarema.com.br\/loja\/wp-json\/wp\/v2\/product"}],"about":[{"href":"https:\/\/www.livrariarema.com.br\/loja\/wp-json\/wp\/v2\/types\/product"}],"replies":[{"embeddable":true,"href":"https:\/\/www.livrariarema.com.br\/loja\/wp-json\/wp\/v2\/comments?post=343043"}],"wp:featuredmedia":[{"embeddable":true,"href":"https:\/\/www.livrariarema.com.br\/loja\/wp-json\/wp\/v2\/media\/343042"}],"wp:attachment":[{"href":"https:\/\/www.livrariarema.com.br\/loja\/wp-json\/wp\/v2\/media?parent=343043"}],"wp:term":[{"taxonomy":"product_cat","embeddable":true,"href":"https:\/\/www.livrariarema.com.br\/loja\/wp-json\/wp\/v2\/product_cat?post=343043"},{"taxonomy":"product_tag","embeddable":true,"href":"https:\/\/www.livrariarema.com.br\/loja\/wp-json\/wp\/v2\/product_tag?post=343043"}],"curies":[{"name":"wp","href":"https:\/\/api.w.org\/{rel}","templated":true}]}}