{"id":343048,"date":"2026-01-22T11:43:25","date_gmt":"2026-01-22T14:43:25","guid":{"rendered":"https:\/\/www.livrariarema.com.br\/loja\/produtos\/sem categoria\/herois-da-fe-devocional-infantil-thamires-garcia\/"},"modified":"2026-04-09T10:21:46","modified_gmt":"2026-04-09T13:21:46","slug":"herois-da-fe-devocional-infantil-thamires-garcia","status":"publish","type":"product","link":"https:\/\/www.livrariarema.com.br\/loja\/produtos\/livros\/devocional\/herois-da-fe-devocional-infantil-thamires-garcia\/","title":{"rendered":"H\u00e9rois Da F\u00e9 &#8211; Devocional Infantil &#8211; Thamires Garcia"},"content":{"rendered":"<p>Prepare-se para uma jornada! Voc\u00ea vai caminhar com Abel Enoque e No\u00e9, atravessar o mar com Mois\u00e9s, ver muralhas caivem com Jesu\u00e9 e descobrir como Deus transformou a hist\u00f3ria de Raabe e Jos\u00e9. Em cada parada da viagem, um vers\u00edculo para guardar, uma conversa com Deus e uma atividade divertida mestram que f\u00e9 \u00e9 confiar no Deus que v\u00ea, fala, cuida e cumpre o que promete.<\/p>\n","protected":false},"excerpt":{"rendered":"<p>Prepare-se para uma jornada! Voc\u00ea vai caminhar com Abel Enoque e No\u00e9, atravessar o mar com Mois\u00e9s, ver muralhas caivem&hellip;<\/p>\n","protected":false},"featured_media":343047,"comment_status":"open","ping_status":"closed","template":"","meta":[],"product_cat":[158,134],"product_tag":[],"_links":{"self":[{"href":"https:\/\/www.livrariarema.com.br\/loja\/wp-json\/wp\/v2\/product\/343048"}],"collection":[{"href":"https:\/\/www.livrariarema.com.br\/loja\/wp-json\/wp\/v2\/product"}],"about":[{"href":"https:\/\/www.livrariarema.com.br\/loja\/wp-json\/wp\/v2\/types\/product"}],"replies":[{"embeddable":true,"href":"https:\/\/www.livrariarema.com.br\/loja\/wp-json\/wp\/v2\/comments?post=343048"}],"wp:featuredmedia":[{"embeddable":true,"href":"https:\/\/www.livrariarema.com.br\/loja\/wp-json\/wp\/v2\/media\/343047"}],"wp:attachment":[{"href":"https:\/\/www.livrariarema.com.br\/loja\/wp-json\/wp\/v2\/media?parent=343048"}],"wp:term":[{"taxonomy":"product_cat","embeddable":true,"href":"https:\/\/www.livrariarema.com.br\/loja\/wp-json\/wp\/v2\/product_cat?post=343048"},{"taxonomy":"product_tag","embeddable":true,"href":"https:\/\/www.livrariarema.com.br\/loja\/wp-json\/wp\/v2\/product_tag?post=343048"}],"curies":[{"name":"wp","href":"https:\/\/api.w.org\/{rel}","templated":true}]}}