{"id":343063,"date":"2026-01-26T13:19:43","date_gmt":"2026-01-26T16:19:43","guid":{"rendered":"https:\/\/www.livrariarema.com.br\/loja\/produtos\/sem categoria\/mae-no-lar-a-reflexoes-diarias-para-maes-cristas-john-abbott\/"},"modified":"2026-03-19T14:53:42","modified_gmt":"2026-03-19T17:53:42","slug":"mae-no-lar-a-reflexoes-diarias-para-maes-cristas-john-abbott","status":"publish","type":"product","link":"https:\/\/www.livrariarema.com.br\/loja\/produtos\/livros\/devocional\/mae-no-lar-a-reflexoes-diarias-para-maes-cristas-john-abbott\/","title":{"rendered":"M\u00e3e No Lar, A &#8211; Reflex\u00f5es Di\u00e1rias Para M\u00e3es Crist\u00e3s &#8211; John Abbott"},"content":{"rendered":"<p>A m\u00e3e no lar foi publicado em 1833, pela sociedade Americana de Panfletos, e tornou-se uma das mais estimadas obras do s\u00e9culo XIX sobre a arte de ser m\u00e3e, exaltando a gloriosa obra da m\u00e3e no lar. O livro enuncia e ilustra os princ\u00edpios b\u00e1sicos do dever da m\u00e3e em criar seus filhos &#8221; no temor e na admoesta\u00e7\u00e3o do Senhor&#8221;. <\/p>\n<p>A m\u00e3e no lar enfatiza a import\u00e2ncia de criar filhos sob os olhos de Deus, sempre conscientes de sua presen\u00e7a e submissos \u00e1 sua palavra &#8211; as Escrituras Sagradas.<\/p>\n","protected":false},"excerpt":{"rendered":"<p>A m\u00e3e no lar foi publicado em 1833, pela sociedade Americana de Panfletos, e tornou-se uma das mais estimadas obras&hellip;<\/p>\n","protected":false},"featured_media":343062,"comment_status":"open","ping_status":"closed","template":"","meta":[],"product_cat":[158,134],"product_tag":[],"_links":{"self":[{"href":"https:\/\/www.livrariarema.com.br\/loja\/wp-json\/wp\/v2\/product\/343063"}],"collection":[{"href":"https:\/\/www.livrariarema.com.br\/loja\/wp-json\/wp\/v2\/product"}],"about":[{"href":"https:\/\/www.livrariarema.com.br\/loja\/wp-json\/wp\/v2\/types\/product"}],"replies":[{"embeddable":true,"href":"https:\/\/www.livrariarema.com.br\/loja\/wp-json\/wp\/v2\/comments?post=343063"}],"wp:featuredmedia":[{"embeddable":true,"href":"https:\/\/www.livrariarema.com.br\/loja\/wp-json\/wp\/v2\/media\/343062"}],"wp:attachment":[{"href":"https:\/\/www.livrariarema.com.br\/loja\/wp-json\/wp\/v2\/media?parent=343063"}],"wp:term":[{"taxonomy":"product_cat","embeddable":true,"href":"https:\/\/www.livrariarema.com.br\/loja\/wp-json\/wp\/v2\/product_cat?post=343063"},{"taxonomy":"product_tag","embeddable":true,"href":"https:\/\/www.livrariarema.com.br\/loja\/wp-json\/wp\/v2\/product_tag?post=343063"}],"curies":[{"name":"wp","href":"https:\/\/api.w.org\/{rel}","templated":true}]}}