{"id":343160,"date":"2026-01-27T09:00:16","date_gmt":"2026-01-27T12:00:16","guid":{"rendered":"https:\/\/www.livrariarema.com.br\/loja\/produtos\/sem categoria\/setimo-continente-thais-ferreira\/"},"modified":"2026-03-23T13:03:53","modified_gmt":"2026-03-23T16:03:53","slug":"setimo-continente-thais-ferreira","status":"publish","type":"product","link":"https:\/\/www.livrariarema.com.br\/loja\/produtos\/livros\/ficcao\/setimo-continente-thais-ferreira\/","title":{"rendered":"S\u00e9timo Continente &#8211; Tha\u00eds Ferreira"},"content":{"rendered":"<p>OCEANO GUARDA SEGREDOS. ALGUNS DELES T\u00caM O SEU NOME.<\/p>\n<p>Em O S\u00e9timo Continente, Tha\u00eds Ferreira conduz o leitor a uma narrativa envolvente que mistura fantasia, mist\u00e9rio e descobertas profundas sobre identidade, pertencimento e coragem. Publicado pela Thomas Nelson, O S\u00e9timo Continente apresenta Jonas, um jovem preso a uma rotina sem sentido, marcado pela aus\u00eancia do pai, Elai, desaparecido h\u00e1 dois anos e envolto em sil\u00eancio e perguntas sem resposta.<\/p>\n<p>A vida de Jonas muda radicalmente quando dois homens surgem falando uma l\u00edngua misteriosa criada por seu pai na inf\u00e2ncia. A partir desse encontro inesperado, O S\u00e9timo Continente, de Tha\u00eds Ferreira, rompe as fronteiras entre o real e o imposs\u00edvel, levando o protagonista a Nova Terra, um continente oculto sob as \u00e1guas do Atl\u00e2ntico. Nesse novo mundo, Jonas descobre que o passado de Elai est\u00e1 diretamente ligado a segredos muito maiores do que ele jamais imaginou.<\/p>\n<p>Ao longo de O S\u00e9timo Continente, Tha\u00eds Ferreira constr\u00f3i uma hist\u00f3ria marcada por perigos, revela\u00e7\u00f5es e um amor que nasce em meio \u00e0 incerteza. Publicado pela editora Thomas Nelson, O S\u00e9timo Continente desafia Jonas a confrontar seus medos, encarar verdades dolorosas e descobrir n\u00e3o apenas o destino de seu pai, mas tamb\u00e9m quem ele realmente \u00e9. \u00c9 uma jornada intensa, sens\u00edvel e cheia de simbolismos, que prende o leitor do come\u00e7o ao fim.<\/p>\n","protected":false},"excerpt":{"rendered":"<p>OCEANO GUARDA SEGREDOS. ALGUNS DELES T\u00caM O SEU NOME. Em O S\u00e9timo Continente, Tha\u00eds Ferreira conduz o leitor a uma&hellip;<\/p>\n","protected":false},"featured_media":346450,"comment_status":"open","ping_status":"closed","template":"","meta":[],"product_cat":[162,134],"product_tag":[],"_links":{"self":[{"href":"https:\/\/www.livrariarema.com.br\/loja\/wp-json\/wp\/v2\/product\/343160"}],"collection":[{"href":"https:\/\/www.livrariarema.com.br\/loja\/wp-json\/wp\/v2\/product"}],"about":[{"href":"https:\/\/www.livrariarema.com.br\/loja\/wp-json\/wp\/v2\/types\/product"}],"replies":[{"embeddable":true,"href":"https:\/\/www.livrariarema.com.br\/loja\/wp-json\/wp\/v2\/comments?post=343160"}],"wp:featuredmedia":[{"embeddable":true,"href":"https:\/\/www.livrariarema.com.br\/loja\/wp-json\/wp\/v2\/media\/346450"}],"wp:attachment":[{"href":"https:\/\/www.livrariarema.com.br\/loja\/wp-json\/wp\/v2\/media?parent=343160"}],"wp:term":[{"taxonomy":"product_cat","embeddable":true,"href":"https:\/\/www.livrariarema.com.br\/loja\/wp-json\/wp\/v2\/product_cat?post=343160"},{"taxonomy":"product_tag","embeddable":true,"href":"https:\/\/www.livrariarema.com.br\/loja\/wp-json\/wp\/v2\/product_tag?post=343160"}],"curies":[{"name":"wp","href":"https:\/\/api.w.org\/{rel}","templated":true}]}}