{"id":343183,"date":"2026-01-27T09:25:09","date_gmt":"2026-01-27T12:25:09","guid":{"rendered":"https:\/\/www.livrariarema.com.br\/loja\/produtos\/sem%20categoria\/biblia-da-garota-crista-florescer\/"},"modified":"2026-01-28T14:59:37","modified_gmt":"2026-01-28T17:59:37","slug":"biblia-da-garota-crista-florescer","status":"publish","type":"product","link":"https:\/\/www.livrariarema.com.br\/loja\/produtos\/biblias\/juvenil-biblias\/biblia-da-garota-crista-florescer\/","title":{"rendered":"B\u00edblia Da Garota Crist\u00e3 &#8211; Florescer"},"content":{"rendered":"<p>Uma B\u00edblia moderna e divertida para te acompanhar em todo lugar!<\/p>\n<p>Toda garota tem um mont\u00e3o de sonhos, planos e experi\u00eancias, mas tudo fica muito melhor quando deixamos Deus e a Palavra fazerem parte de nosso mundo. A B\u00edblia da garota crist\u00e3 cont\u00e9m notas, coment\u00e1rios, devocionais, dicas e v\u00e1rios outros recursos para ajudar voc\u00ea a ser uma garota de bem com a vida e segundo o cora\u00e7\u00e3o do Pai.<\/p>\n<p>Ela possui texto na NTLH (Nova Tradu\u00e7\u00e3o na Linguagem de Hoje), que traz as Escrituras de forma leve e acess\u00edvel. Cont\u00e9m textos de Hayley DiMarco, autora best-seller reconhecida no meio jovem, al\u00e9m de diversos recursos para facilitar o estudo e entendimento da Palavra de Deus.<\/p>\n<p>Caracter\u00edsticas:<br \/>\nTexto na NTLH (Nova Tradu\u00e7\u00e3o na Linguagem de Hoje)<br \/>\nCapa dura<br \/>\nLombada costurada para total abertura<br \/>\nIntrodu\u00e7\u00e3o aos livros da B\u00edblia<br \/>\nPerfil de diversas &#8220;Garotas de Deus&#8221; que se destacaram na B\u00edblia<br \/>\nOra\u00e7\u00f5es e devocionais<br \/>\nDestaques coloridos para textos importantes<br \/>\nDiagrama\u00e7\u00e3o intuitiva<\/p>\n","protected":false},"excerpt":{"rendered":"<p>Uma B\u00edblia moderna e divertida para te acompanhar em todo lugar! Toda garota tem um mont\u00e3o de sonhos, planos e&hellip;<\/p>\n","protected":false},"featured_media":343385,"comment_status":"open","ping_status":"closed","template":"","meta":[],"product_cat":[139,192],"product_tag":[],"_links":{"self":[{"href":"https:\/\/www.livrariarema.com.br\/loja\/wp-json\/wp\/v2\/product\/343183"}],"collection":[{"href":"https:\/\/www.livrariarema.com.br\/loja\/wp-json\/wp\/v2\/product"}],"about":[{"href":"https:\/\/www.livrariarema.com.br\/loja\/wp-json\/wp\/v2\/types\/product"}],"replies":[{"embeddable":true,"href":"https:\/\/www.livrariarema.com.br\/loja\/wp-json\/wp\/v2\/comments?post=343183"}],"wp:featuredmedia":[{"embeddable":true,"href":"https:\/\/www.livrariarema.com.br\/loja\/wp-json\/wp\/v2\/media\/343385"}],"wp:attachment":[{"href":"https:\/\/www.livrariarema.com.br\/loja\/wp-json\/wp\/v2\/media?parent=343183"}],"wp:term":[{"taxonomy":"product_cat","embeddable":true,"href":"https:\/\/www.livrariarema.com.br\/loja\/wp-json\/wp\/v2\/product_cat?post=343183"},{"taxonomy":"product_tag","embeddable":true,"href":"https:\/\/www.livrariarema.com.br\/loja\/wp-json\/wp\/v2\/product_tag?post=343183"}],"curies":[{"name":"wp","href":"https:\/\/api.w.org\/{rel}","templated":true}]}}