{"id":343199,"date":"2026-01-27T09:47:56","date_gmt":"2026-01-27T12:47:56","guid":{"rendered":"https:\/\/www.livrariarema.com.br\/loja\/produtos\/sem categoria\/o-rei-entre-nos-o-nascimento-de-jesus-contado-pelos-animais-eudes-alves\/"},"modified":"2026-01-28T14:49:18","modified_gmt":"2026-01-28T17:49:18","slug":"o-rei-entre-nos-o-nascimento-de-jesus-contado-pelos-animais-eudes-alves","status":"publish","type":"product","link":"https:\/\/www.livrariarema.com.br\/loja\/produtos\/livros\/infantil\/o-rei-entre-nos-o-nascimento-de-jesus-contado-pelos-animais-eudes-alves\/","title":{"rendered":"O Rei Entre N\u00f3s &#8211; O Nascimento De Jesus Contado Pelos Animais &#8211; Eudes Alves"},"content":{"rendered":"<p>Com rimas encantadoras no ritmo do cordel, O Rei entre n\u00f3s reconta o nascimento de Jesus sob a perspectiva dos animais da estrebaria. Uma hist\u00f3ria po\u00e9tica e cheia de ternura, perfeita para encantar os leitores!<\/p>\n<p>Naquela noite especial em Bel\u00e9m, a estrebaria estava mais animada do que nunca! Duas pombinhas contavam aos outros animais as \u00faltimas novidades: a cidade estava t\u00e3o cheia que n\u00e3o havia mais lugar de pouso para os viajantes que chegavam.<\/p>\n<p>O burro confirma a informa\u00e7\u00e3o, a vaca e o bode se mostram preocupados, a galinha, curiosa como sempre, quer saber mais, e o ratinho, impaciente, n\u00e3o v\u00ea sentido em tanta agita\u00e7\u00e3o. Mas, de repente, a porta se abre&#8230; Ops! Quem ser\u00e1? \u00c9 bicho? \u00c9 gente? Eles est\u00e3o em perigo?<\/p>\n<p>Enquanto tentam desvendar esse mist\u00e9rio, os animais nem imaginam que algo extraordin\u00e1rio est\u00e1 prestes a acontecer&#8230;<\/p>\n","protected":false},"excerpt":{"rendered":"<p>Com rimas encantadoras no ritmo do cordel, O Rei entre n\u00f3s reconta o nascimento de Jesus sob a perspectiva dos&hellip;<\/p>\n","protected":false},"featured_media":343336,"comment_status":"open","ping_status":"closed","template":"","meta":[],"product_cat":[144,134],"product_tag":[],"_links":{"self":[{"href":"https:\/\/www.livrariarema.com.br\/loja\/wp-json\/wp\/v2\/product\/343199"}],"collection":[{"href":"https:\/\/www.livrariarema.com.br\/loja\/wp-json\/wp\/v2\/product"}],"about":[{"href":"https:\/\/www.livrariarema.com.br\/loja\/wp-json\/wp\/v2\/types\/product"}],"replies":[{"embeddable":true,"href":"https:\/\/www.livrariarema.com.br\/loja\/wp-json\/wp\/v2\/comments?post=343199"}],"wp:featuredmedia":[{"embeddable":true,"href":"https:\/\/www.livrariarema.com.br\/loja\/wp-json\/wp\/v2\/media\/343336"}],"wp:attachment":[{"href":"https:\/\/www.livrariarema.com.br\/loja\/wp-json\/wp\/v2\/media?parent=343199"}],"wp:term":[{"taxonomy":"product_cat","embeddable":true,"href":"https:\/\/www.livrariarema.com.br\/loja\/wp-json\/wp\/v2\/product_cat?post=343199"},{"taxonomy":"product_tag","embeddable":true,"href":"https:\/\/www.livrariarema.com.br\/loja\/wp-json\/wp\/v2\/product_tag?post=343199"}],"curies":[{"name":"wp","href":"https:\/\/api.w.org\/{rel}","templated":true}]}}