{"id":343267,"date":"2026-01-27T15:32:30","date_gmt":"2026-01-27T18:32:30","guid":{"rendered":"https:\/\/www.livrariarema.com.br\/loja\/produtos\/sem categoria\/caneca-de-vidro-diamond-metalic-lata-300ml-que-sua-vida-seja-linda\/"},"modified":"2026-04-28T09:51:07","modified_gmt":"2026-04-28T12:51:07","slug":"caneca-de-vidro-diamond-metalic-lata-300ml-que-sua-vida-seja-linda","status":"publish","type":"product","link":"https:\/\/www.livrariarema.com.br\/loja\/produtos\/diversos\/caneca\/caneca-de-vidro-diamond-metalic-lata-300ml-que-sua-vida-seja-linda\/","title":{"rendered":"Caneca De Vidro &#8211; Diamond Metalic Lata 300Ml &#8211; Que Sua Vida Seja Linda"},"content":{"rendered":"<p>Nossa CANECA DE VIDRO DIAMOND \u00e9 a escolha perfeita para quem aprecia design e funcionalidade. Com uma ilustra\u00e7\u00e3o em alta qualidade, esta caneca \u00e9 ideal para qualquer ocasi\u00e3o, seja em casa, no trabalho ou para presentear algu\u00e9m especial. Alta Qualidade Ilustra\u00e7\u00e3o em alta defini\u00e7\u00e3o para um visual bonito e duradouro.<\/p>\n","protected":false},"excerpt":{"rendered":"<p>Nossa CANECA DE VIDRO DIAMOND \u00e9 a escolha perfeita para quem aprecia design e funcionalidade. Com uma ilustra\u00e7\u00e3o em alta&hellip;<\/p>\n","protected":false},"featured_media":347425,"comment_status":"open","ping_status":"closed","template":"","meta":[],"product_cat":[235,132],"product_tag":[],"_links":{"self":[{"href":"https:\/\/www.livrariarema.com.br\/loja\/wp-json\/wp\/v2\/product\/343267"}],"collection":[{"href":"https:\/\/www.livrariarema.com.br\/loja\/wp-json\/wp\/v2\/product"}],"about":[{"href":"https:\/\/www.livrariarema.com.br\/loja\/wp-json\/wp\/v2\/types\/product"}],"replies":[{"embeddable":true,"href":"https:\/\/www.livrariarema.com.br\/loja\/wp-json\/wp\/v2\/comments?post=343267"}],"wp:featuredmedia":[{"embeddable":true,"href":"https:\/\/www.livrariarema.com.br\/loja\/wp-json\/wp\/v2\/media\/347425"}],"wp:attachment":[{"href":"https:\/\/www.livrariarema.com.br\/loja\/wp-json\/wp\/v2\/media?parent=343267"}],"wp:term":[{"taxonomy":"product_cat","embeddable":true,"href":"https:\/\/www.livrariarema.com.br\/loja\/wp-json\/wp\/v2\/product_cat?post=343267"},{"taxonomy":"product_tag","embeddable":true,"href":"https:\/\/www.livrariarema.com.br\/loja\/wp-json\/wp\/v2\/product_tag?post=343267"}],"curies":[{"name":"wp","href":"https:\/\/api.w.org\/{rel}","templated":true}]}}