{"id":343276,"date":"2026-01-27T16:05:55","date_gmt":"2026-01-27T19:05:55","guid":{"rendered":"https:\/\/www.livrariarema.com.br\/loja\/produtos\/sem categoria\/caneca-de-porcelana-urban-300ml-mae-de-dog\/"},"modified":"2026-04-28T09:20:10","modified_gmt":"2026-04-28T12:20:10","slug":"caneca-de-porcelana-urban-300ml-mae-de-dog","status":"publish","type":"product","link":"https:\/\/www.livrariarema.com.br\/loja\/produtos\/diversos\/caneca\/caneca-de-porcelana-urban-300ml-mae-de-dog\/","title":{"rendered":"Caneca De Porcelana &#8211; Urban 300Ml &#8211; M\u00e3e De Dog"},"content":{"rendered":"<p>Chegou a CANECA PORCELANA URBAN 360ML &#8211; M\u00c3E DE DOG estampa muito fofinha pra voc\u00ea presentear aquela pessoa t\u00e3o especial, que inclusive pode ser voc\u00ea!  \u00c8 essencial para voc\u00ea apreciar suas bebidas favoritas nos momentos mais aconchegantes da vida. Al\u00e9m disso voc\u00ea pode us\u00e1-la como porta treco, porta l\u00e1pis ou presentear algu\u00e9m especial.<\/p>\n<p>Ela \u00e9 fabricada em porcelana de alta qualidade que garante maior durabilidade durante seu uso e possui estampas \u00fanicas para deixar o ambiente ainda mais divertido e<br \/>\nestiloso.<\/p>\n","protected":false},"excerpt":{"rendered":"<p>Chegou a CANECA PORCELANA URBAN 360ML &#8211; M\u00c3E DE DOG estampa muito fofinha pra voc\u00ea presentear aquela pessoa t\u00e3o especial,&hellip;<\/p>\n","protected":false},"featured_media":347300,"comment_status":"open","ping_status":"closed","template":"","meta":[],"product_cat":[235,132],"product_tag":[],"_links":{"self":[{"href":"https:\/\/www.livrariarema.com.br\/loja\/wp-json\/wp\/v2\/product\/343276"}],"collection":[{"href":"https:\/\/www.livrariarema.com.br\/loja\/wp-json\/wp\/v2\/product"}],"about":[{"href":"https:\/\/www.livrariarema.com.br\/loja\/wp-json\/wp\/v2\/types\/product"}],"replies":[{"embeddable":true,"href":"https:\/\/www.livrariarema.com.br\/loja\/wp-json\/wp\/v2\/comments?post=343276"}],"wp:featuredmedia":[{"embeddable":true,"href":"https:\/\/www.livrariarema.com.br\/loja\/wp-json\/wp\/v2\/media\/347300"}],"wp:attachment":[{"href":"https:\/\/www.livrariarema.com.br\/loja\/wp-json\/wp\/v2\/media?parent=343276"}],"wp:term":[{"taxonomy":"product_cat","embeddable":true,"href":"https:\/\/www.livrariarema.com.br\/loja\/wp-json\/wp\/v2\/product_cat?post=343276"},{"taxonomy":"product_tag","embeddable":true,"href":"https:\/\/www.livrariarema.com.br\/loja\/wp-json\/wp\/v2\/product_tag?post=343276"}],"curies":[{"name":"wp","href":"https:\/\/api.w.org\/{rel}","templated":true}]}}