{"id":343299,"date":"2026-01-27T16:13:39","date_gmt":"2026-01-27T19:13:39","guid":{"rendered":"https:\/\/www.livrariarema.com.br\/loja\/produtos\/sem categoria\/caneca-de-porcelana-urban-300ml-eu-tenho-a-melhor-vovo-do-mundo\/"},"modified":"2026-04-28T09:17:28","modified_gmt":"2026-04-28T12:17:28","slug":"caneca-de-porcelana-urban-300ml-eu-tenho-a-melhor-vovo-do-mundo","status":"publish","type":"product","link":"https:\/\/www.livrariarema.com.br\/loja\/produtos\/diversos\/caneca\/caneca-de-porcelana-urban-300ml-eu-tenho-a-melhor-vovo-do-mundo\/","title":{"rendered":"Caneca De Porcelana &#8211; Urban 300Ml &#8211; Eu Tenho A Melhor Vov\u00f3 Do Mundo"},"content":{"rendered":"<p>Nada mais gostoso do que passar tardes super divertidas ao lado da nossa vov\u00f3, n\u00e3o \u00e9 mesmo? Que tal presente\u00e1-la com uma Caneca Urban Melhor V\u00f3 do Mundo, para que assim ela possa aproveitar aquele caf\u00e9 ou chocolate quente com muito estilo?<\/p>\n<p>A Caneca Urban \u00e9 fabricada em porcelana de alta qualidade que garante maior durabilidade durante seu uso. Ela \u00e9 perfeita para voc\u00ea apreciar sua bebida favorita de um jeito todo especial.<\/p>\n<p>A Linha de Canecas Urban \u00e9 um item essencial no seu caf\u00e9 da manh\u00e3, al\u00e9m disso voc\u00ea pode us\u00e1-la como porta treco, porta l\u00e1pis ou presentear algu\u00e9m especial.<\/p>\n<p>Caracter\u00edsticas:<br \/>\nAltura: 9 cm<br \/>\nDi\u00e2metro: 8.5 cm<br \/>\nCapacidade: 300 ml<br \/>\nCont\u00e9m 1 caneca<\/p>\n<p>Cuidados:<br \/>\nLavar com \u00e1gua e sab\u00e3o neutro<br \/>\nN\u00e3o utilizar produtos qu\u00edmicos e abrasivos<br \/>\nImpactos podem danificar o produto<\/p>\n","protected":false},"excerpt":{"rendered":"<p>Nada mais gostoso do que passar tardes super divertidas ao lado da nossa vov\u00f3, n\u00e3o \u00e9 mesmo? Que tal presente\u00e1-la&hellip;<\/p>\n","protected":false},"featured_media":347287,"comment_status":"open","ping_status":"closed","template":"","meta":[],"product_cat":[235,132],"product_tag":[],"_links":{"self":[{"href":"https:\/\/www.livrariarema.com.br\/loja\/wp-json\/wp\/v2\/product\/343299"}],"collection":[{"href":"https:\/\/www.livrariarema.com.br\/loja\/wp-json\/wp\/v2\/product"}],"about":[{"href":"https:\/\/www.livrariarema.com.br\/loja\/wp-json\/wp\/v2\/types\/product"}],"replies":[{"embeddable":true,"href":"https:\/\/www.livrariarema.com.br\/loja\/wp-json\/wp\/v2\/comments?post=343299"}],"wp:featuredmedia":[{"embeddable":true,"href":"https:\/\/www.livrariarema.com.br\/loja\/wp-json\/wp\/v2\/media\/347287"}],"wp:attachment":[{"href":"https:\/\/www.livrariarema.com.br\/loja\/wp-json\/wp\/v2\/media?parent=343299"}],"wp:term":[{"taxonomy":"product_cat","embeddable":true,"href":"https:\/\/www.livrariarema.com.br\/loja\/wp-json\/wp\/v2\/product_cat?post=343299"},{"taxonomy":"product_tag","embeddable":true,"href":"https:\/\/www.livrariarema.com.br\/loja\/wp-json\/wp\/v2\/product_tag?post=343299"}],"curies":[{"name":"wp","href":"https:\/\/api.w.org\/{rel}","templated":true}]}}