{"id":343305,"date":"2026-01-27T17:36:55","date_gmt":"2026-01-27T20:36:55","guid":{"rendered":"https:\/\/www.livrariarema.com.br\/loja\/produtos\/sem categoria\/caneca-vidro-borossilicato-320-ml-flower-flor-floresca-x\/"},"modified":"2026-03-10T17:50:55","modified_gmt":"2026-03-10T20:50:55","slug":"caneca-vidro-borossilicato-320-ml-flower-flor-floresca-x","status":"publish","type":"product","link":"https:\/\/www.livrariarema.com.br\/loja\/produtos\/diversos\/caneca\/caneca-vidro-borossilicato-320-ml-flower-flor-floresca-x\/","title":{"rendered":"Caneca Vidro &#8211; Borossilicato 320 Ml &#8211; Flower &#8211; Flor Flores\u00e7a X"},"content":{"rendered":"<p>As canecas de vidro duplo s\u00e3o verdadeiras joias de originalidade, trazendo designs exclusivos que transformam cada pe\u00e7a em algo especial. Feitas de vidro borossilicato, elas n\u00e3o s\u00f3 esbanjam eleg\u00e2ncia, mas tamb\u00e9m oferecem alta resist\u00eancia ao calor, unindo est\u00e9tica, seguran\u00e7a e durabilidade em um s\u00f3 produto.<\/p>\n<p>Seu interior \u00e9 minuciosamente trabalhado, com detalhes como flores que parecem flutuar, proporcionando uma sensa\u00e7\u00e3o de leveza e sofistica\u00e7\u00e3o a cada gole. Essas canecas foram cuidadosamente projetadas para oferecer uma experi\u00eancia n\u00e3o apenas funcional, mas visualmente encantadora.<\/p>\n<p>Torne momentos simples em experi\u00eancias memor\u00e1veis com a Caneca Flowers. Seja um presente \u00fanico para algu\u00e9m especial ou um mimo para voc\u00ea mesmo, adicionando um toque m\u00e1gico ao seu cotidiano.<\/p>\n<p>Cuidados:<\/p>\n<p>Limpar com pano \u00famido, evitando imers\u00e3o na \u00e1gua.<br \/>\nEvitar quedas ou impactos que possam danificar a caneca.<br \/>\nN\u00e3o utilizar em lava-lou\u00e7as.<br \/>\nN\u00e3o levar ao micro-ondas.<br \/>\nN\u00e3o expor ao fogo ou superf\u00edcies quentes.<br \/>\nManusear com cuidado ao usar l\u00edquidos quentes.<br \/>\nEssas canecas s\u00e3o o presente perfeito para qualquer ocasi\u00e3o! Seja um parceiro lojista e revenda nossos produtos.<\/p>\n","protected":false},"excerpt":{"rendered":"<p>As canecas de vidro duplo s\u00e3o verdadeiras joias de originalidade, trazendo designs exclusivos que transformam cada pe\u00e7a em algo especial.&hellip;<\/p>\n","protected":false},"featured_media":343556,"comment_status":"open","ping_status":"closed","template":"","meta":[],"product_cat":[235,132],"product_tag":[],"_links":{"self":[{"href":"https:\/\/www.livrariarema.com.br\/loja\/wp-json\/wp\/v2\/product\/343305"}],"collection":[{"href":"https:\/\/www.livrariarema.com.br\/loja\/wp-json\/wp\/v2\/product"}],"about":[{"href":"https:\/\/www.livrariarema.com.br\/loja\/wp-json\/wp\/v2\/types\/product"}],"replies":[{"embeddable":true,"href":"https:\/\/www.livrariarema.com.br\/loja\/wp-json\/wp\/v2\/comments?post=343305"}],"wp:featuredmedia":[{"embeddable":true,"href":"https:\/\/www.livrariarema.com.br\/loja\/wp-json\/wp\/v2\/media\/343556"}],"wp:attachment":[{"href":"https:\/\/www.livrariarema.com.br\/loja\/wp-json\/wp\/v2\/media?parent=343305"}],"wp:term":[{"taxonomy":"product_cat","embeddable":true,"href":"https:\/\/www.livrariarema.com.br\/loja\/wp-json\/wp\/v2\/product_cat?post=343305"},{"taxonomy":"product_tag","embeddable":true,"href":"https:\/\/www.livrariarema.com.br\/loja\/wp-json\/wp\/v2\/product_tag?post=343305"}],"curies":[{"name":"wp","href":"https:\/\/api.w.org\/{rel}","templated":true}]}}