{"id":343317,"date":"2026-01-27T17:37:47","date_gmt":"2026-01-27T20:37:47","guid":{"rendered":"https:\/\/www.livrariarema.com.br\/loja\/produtos\/sem categoria\/caneca-vidro-borossilicato-250-ml-panda\/"},"modified":"2026-01-29T13:19:50","modified_gmt":"2026-01-29T16:19:50","slug":"caneca-vidro-borossilicato-250-ml-panda","status":"publish","type":"product","link":"https:\/\/www.livrariarema.com.br\/loja\/produtos\/diversos\/caneca\/caneca-vidro-borossilicato-250-ml-panda\/","title":{"rendered":"Caneca Vidro &#8211; Borossilicato 250 Ml &#8211; Panda"},"content":{"rendered":"<p>Um toque fofo ao seu caf\u00e9 di\u00e1rio!<\/p>\n<p>Desfrute do seu caf\u00e9 ou ch\u00e1 em uma caneca que \u00e9 pura arte e paix\u00e3o! A Caneca Bear \u00e9 uma verdadeira inova\u00e7\u00e3o, com seu interior esculpido em forma de ursinho, transformando a hora da bebida em uma experi\u00eancia divertida e cheia de personalidade.<\/p>\n<p>Criada com precis\u00e3o e carinho, ela faz cada gole ser mais especial.<br \/>\nFeita de vidro borossilicato altamente dur\u00e1vel, essa caneca de vidro duplo n\u00e3o s\u00f3 mant\u00e9m sua bebida na temperatura ideal por mais tempo, como tamb\u00e9m adiciona um toque de estilo ao seu dia a dia.<\/p>\n","protected":false},"excerpt":{"rendered":"<p>Um toque fofo ao seu caf\u00e9 di\u00e1rio! Desfrute do seu caf\u00e9 ou ch\u00e1 em uma caneca que \u00e9 pura arte&hellip;<\/p>\n","protected":false},"featured_media":343585,"comment_status":"open","ping_status":"closed","template":"","meta":[],"product_cat":[235,132],"product_tag":[],"_links":{"self":[{"href":"https:\/\/www.livrariarema.com.br\/loja\/wp-json\/wp\/v2\/product\/343317"}],"collection":[{"href":"https:\/\/www.livrariarema.com.br\/loja\/wp-json\/wp\/v2\/product"}],"about":[{"href":"https:\/\/www.livrariarema.com.br\/loja\/wp-json\/wp\/v2\/types\/product"}],"replies":[{"embeddable":true,"href":"https:\/\/www.livrariarema.com.br\/loja\/wp-json\/wp\/v2\/comments?post=343317"}],"wp:featuredmedia":[{"embeddable":true,"href":"https:\/\/www.livrariarema.com.br\/loja\/wp-json\/wp\/v2\/media\/343585"}],"wp:attachment":[{"href":"https:\/\/www.livrariarema.com.br\/loja\/wp-json\/wp\/v2\/media?parent=343317"}],"wp:term":[{"taxonomy":"product_cat","embeddable":true,"href":"https:\/\/www.livrariarema.com.br\/loja\/wp-json\/wp\/v2\/product_cat?post=343317"},{"taxonomy":"product_tag","embeddable":true,"href":"https:\/\/www.livrariarema.com.br\/loja\/wp-json\/wp\/v2\/product_tag?post=343317"}],"curies":[{"name":"wp","href":"https:\/\/api.w.org\/{rel}","templated":true}]}}