{"id":343321,"date":"2026-01-27T17:39:00","date_gmt":"2026-01-27T20:39:00","guid":{"rendered":"https:\/\/www.livrariarema.com.br\/loja\/produtos\/sem%20categoria\/de-eva-a-ester-debora-otoni\/"},"modified":"2026-03-21T11:30:42","modified_gmt":"2026-03-21T14:30:42","slug":"de-eva-a-ester-debora-otoni","status":"publish","type":"product","link":"https:\/\/www.livrariarema.com.br\/loja\/produtos\/livros\/mulher\/de-eva-a-ester-debora-otoni\/","title":{"rendered":"De Eva A Ester &#8211; D\u00e9bora Otoni"},"content":{"rendered":"<p>&#8220;Quando mulheres se juntam o que pode acontecer?<\/p>\n<p>Doze amigas se juntaram com a miss\u00e3o de recontar hist\u00f3rias do Velho Testamento que trazem mulheres como protagonistas e at\u00e9 mesmo antagonistas. Movidas pela indaga\u00e7\u00e3o &#8220;O que Eva ou Ester diriam se pudessem contar a pr\u00f3pria hist\u00f3ria?&#8221;, as autoras elaboraram e recriaram cen\u00e1rios, comportamentos, verdades.<\/p>\n<p>De Eva a Ester \u00e9 um palco para que a gente assista narrativas apresentadas como nunca antes foram e olhar com mais gra\u00e7a e carinho para a nossa pr\u00f3pria jornada. Essa leitura nos lembra do nosso valor, papel e import\u00e2ncia, por mais insignificantes e insossas nossas vidas possam parecer.<\/p>\n<p>Convidamos voc\u00ea a abrir essas p\u00e1ginas com expectativa e muita criatividade. Cada par\u00e1grafo dessa aventura foi escrito pensando em voc\u00ea.&#8221;<\/p>\n","protected":false},"excerpt":{"rendered":"<p>&#8220;Quando mulheres se juntam o que pode acontecer? Doze amigas se juntaram com a miss\u00e3o de recontar hist\u00f3rias do Velho&hellip;<\/p>\n","protected":false},"featured_media":345795,"comment_status":"open","ping_status":"closed","template":"","meta":[],"product_cat":[134,170],"product_tag":[],"_links":{"self":[{"href":"https:\/\/www.livrariarema.com.br\/loja\/wp-json\/wp\/v2\/product\/343321"}],"collection":[{"href":"https:\/\/www.livrariarema.com.br\/loja\/wp-json\/wp\/v2\/product"}],"about":[{"href":"https:\/\/www.livrariarema.com.br\/loja\/wp-json\/wp\/v2\/types\/product"}],"replies":[{"embeddable":true,"href":"https:\/\/www.livrariarema.com.br\/loja\/wp-json\/wp\/v2\/comments?post=343321"}],"wp:featuredmedia":[{"embeddable":true,"href":"https:\/\/www.livrariarema.com.br\/loja\/wp-json\/wp\/v2\/media\/345795"}],"wp:attachment":[{"href":"https:\/\/www.livrariarema.com.br\/loja\/wp-json\/wp\/v2\/media?parent=343321"}],"wp:term":[{"taxonomy":"product_cat","embeddable":true,"href":"https:\/\/www.livrariarema.com.br\/loja\/wp-json\/wp\/v2\/product_cat?post=343321"},{"taxonomy":"product_tag","embeddable":true,"href":"https:\/\/www.livrariarema.com.br\/loja\/wp-json\/wp\/v2\/product_tag?post=343321"}],"curies":[{"name":"wp","href":"https:\/\/api.w.org\/{rel}","templated":true}]}}