{"id":343770,"date":"2026-01-29T15:57:45","date_gmt":"2026-01-29T18:57:45","guid":{"rendered":"https:\/\/www.livrariarema.com.br\/loja\/produtos\/sem categoria\/glorify-devocionais-para-uma-vida-mais-conectada-com-deus\/"},"modified":"2026-04-09T17:04:40","modified_gmt":"2026-04-09T20:04:40","slug":"glorify-devocionais-para-uma-vida-mais-conectada-com-deus","status":"publish","type":"product","link":"https:\/\/www.livrariarema.com.br\/loja\/produtos\/livros\/devocional\/glorify-devocionais-para-uma-vida-mais-conectada-com-deus\/","title":{"rendered":"Glorify: Devocionais Para Uma Vida Mais Conectada Com Deus"},"content":{"rendered":"<p>O devocional Glorify tem o objetivo de auxiliar os leitores em sua jornada espiritual, possibilitando um encontro com Deus que transforme sua vida por completo. A cada dia, o leitor e a leitora s\u00e3o convidados a encontrar alegria e intimidade com Deus atrav\u00e9s de momentos de conex\u00e3o ajudam a combater a ansiedade, viver com prop\u00f3sito, dormir melhor e contribuem para o seu bem-estar geral.<\/p>\n<p>Por meio de reflex\u00f5es cuidadosamente elaboradas, o devocional Glorify percorre quatro grandes temas, cada um deles ocupando uma s\u00e9rie de quatro semanas, que possibilitam a leitura a qualquer dia do ano, sem a necessidade de seguir o calend\u00e1rio:<\/p>\n<p>Em primeiro lugar, considera os fundamentos da f\u00e9 crist\u00e3. Em seguida, apresenta ferramentas espirituais saud\u00e1veis para lidar com as afli\u00e7\u00f5es. Ent\u00e3o, avalia como Jesus contribui para que o ser humano molde seu car\u00e1ter, mesmo em meio \u00e0s dificuldades da vida, ao refletir sobre virtudes b\u00edblicas. Por fim, encerra com uma investiga\u00e7\u00e3o pr\u00e1tica de como viver valores crist\u00e3os.<\/p>\n<p>A publica\u00e7\u00e3o conta com um primoroso design gr\u00e1fico e fino acabamento em edi\u00e7\u00e3o capa dura e impress\u00e3o colorida, para tornar os momentos de leitura e comunh\u00e3o com Deus ainda mais inspirativos.<\/p>\n","protected":false},"excerpt":{"rendered":"<p>O devocional Glorify tem o objetivo de auxiliar os leitores em sua jornada espiritual, possibilitando um encontro com Deus que&hellip;<\/p>\n","protected":false},"featured_media":344314,"comment_status":"open","ping_status":"closed","template":"","meta":[],"product_cat":[158,134],"product_tag":[],"_links":{"self":[{"href":"https:\/\/www.livrariarema.com.br\/loja\/wp-json\/wp\/v2\/product\/343770"}],"collection":[{"href":"https:\/\/www.livrariarema.com.br\/loja\/wp-json\/wp\/v2\/product"}],"about":[{"href":"https:\/\/www.livrariarema.com.br\/loja\/wp-json\/wp\/v2\/types\/product"}],"replies":[{"embeddable":true,"href":"https:\/\/www.livrariarema.com.br\/loja\/wp-json\/wp\/v2\/comments?post=343770"}],"wp:featuredmedia":[{"embeddable":true,"href":"https:\/\/www.livrariarema.com.br\/loja\/wp-json\/wp\/v2\/media\/344314"}],"wp:attachment":[{"href":"https:\/\/www.livrariarema.com.br\/loja\/wp-json\/wp\/v2\/media?parent=343770"}],"wp:term":[{"taxonomy":"product_cat","embeddable":true,"href":"https:\/\/www.livrariarema.com.br\/loja\/wp-json\/wp\/v2\/product_cat?post=343770"},{"taxonomy":"product_tag","embeddable":true,"href":"https:\/\/www.livrariarema.com.br\/loja\/wp-json\/wp\/v2\/product_tag?post=343770"}],"curies":[{"name":"wp","href":"https:\/\/api.w.org\/{rel}","templated":true}]}}