{"id":343786,"date":"2026-01-29T15:59:40","date_gmt":"2026-01-29T18:59:40","guid":{"rendered":"https:\/\/www.livrariarema.com.br\/loja\/produtos\/sem categoria\/abigail-e-o-grande-recomeco-bethany-mcilrath\/"},"modified":"2026-05-02T12:40:40","modified_gmt":"2026-05-02T15:40:40","slug":"abigail-e-o-grande-recomeco-bethany-mcilrath","status":"publish","type":"product","link":"https:\/\/www.livrariarema.com.br\/loja\/produtos\/livros\/juvenil\/abigail-e-o-grande-recomeco-bethany-mcilrath\/","title":{"rendered":"Abigail E O Grande Recome\u00e7o &#8211; Bethany Mcilrath"},"content":{"rendered":"<p>Abigail n\u00e3o queria se mudar, muito menos come\u00e7ar numa escola nova.<br \/>\nMas quando tudo parece sair do controle &#8211; inclusive sua bandana colorida -, ela descobre que Deus transforma os dias dif\u00edceis em novas aventuras.<br \/>\nUma hist\u00f3ria sobre amizade, f\u00e9 e segundas chances &#8211; perfeita para crian\u00e7as que tamb\u00e9m est\u00e3o aprendendo a recome\u00e7ar.<\/p>\n","protected":false},"excerpt":{"rendered":"<p>Abigail n\u00e3o queria se mudar, muito menos come\u00e7ar numa escola nova. Mas quando tudo parece sair do controle &#8211; inclusive&hellip;<\/p>\n","protected":false},"featured_media":347809,"comment_status":"open","ping_status":"closed","template":"","meta":[],"product_cat":[184,134],"product_tag":[],"_links":{"self":[{"href":"https:\/\/www.livrariarema.com.br\/loja\/wp-json\/wp\/v2\/product\/343786"}],"collection":[{"href":"https:\/\/www.livrariarema.com.br\/loja\/wp-json\/wp\/v2\/product"}],"about":[{"href":"https:\/\/www.livrariarema.com.br\/loja\/wp-json\/wp\/v2\/types\/product"}],"replies":[{"embeddable":true,"href":"https:\/\/www.livrariarema.com.br\/loja\/wp-json\/wp\/v2\/comments?post=343786"}],"wp:featuredmedia":[{"embeddable":true,"href":"https:\/\/www.livrariarema.com.br\/loja\/wp-json\/wp\/v2\/media\/347809"}],"wp:attachment":[{"href":"https:\/\/www.livrariarema.com.br\/loja\/wp-json\/wp\/v2\/media?parent=343786"}],"wp:term":[{"taxonomy":"product_cat","embeddable":true,"href":"https:\/\/www.livrariarema.com.br\/loja\/wp-json\/wp\/v2\/product_cat?post=343786"},{"taxonomy":"product_tag","embeddable":true,"href":"https:\/\/www.livrariarema.com.br\/loja\/wp-json\/wp\/v2\/product_tag?post=343786"}],"curies":[{"name":"wp","href":"https:\/\/api.w.org\/{rel}","templated":true}]}}