{"id":343870,"date":"2026-01-29T16:14:41","date_gmt":"2026-01-29T19:14:41","guid":{"rendered":"https:\/\/www.livrariarema.com.br\/loja\/produtos\/sem categoria\/na065lsgilv-biblia-letra-supergigante-luxo-vinho-folha\/"},"modified":"2026-01-29T16:14:47","modified_gmt":"2026-01-29T19:14:47","slug":"na065lsgilv-biblia-letra-supergigante-luxo-vinho-folha","status":"publish","type":"product","link":"https:\/\/www.livrariarema.com.br\/loja\/produtos\/biblias\/nova-almeida-atualizada\/na065lsgilv-biblia-letra-supergigante-luxo-vinho-folha\/","title":{"rendered":"Na065lsgilv &#8211; B\u00edblia Letra Supergigante &#8211; Luxo Vinho Folha"},"content":{"rendered":"<p>B\u00edblia Sagrada Como encontrar ajuda na B\u00edblia, Palavras de Jesus impressas em Vermelho &#8211; Letra SuperGigante &#8211; Nova Almeida Atualizada (NAA)<br \/>\nExperimente uma leitura confort\u00e1vel e sem esfor\u00e7o com esta B\u00edblia em LETRA GIGANTE, especialmente desenvolvida para proporcionar m\u00e1ximo conforto visual.<\/p>\n","protected":false},"excerpt":{"rendered":"<p>B\u00edblia Sagrada Como encontrar ajuda na B\u00edblia, Palavras de Jesus impressas em Vermelho &#8211; Letra SuperGigante &#8211; Nova Almeida Atualizada&hellip;<\/p>\n","protected":false},"featured_media":343869,"comment_status":"open","ping_status":"closed","template":"","meta":[],"product_cat":[139,174],"product_tag":[],"_links":{"self":[{"href":"https:\/\/www.livrariarema.com.br\/loja\/wp-json\/wp\/v2\/product\/343870"}],"collection":[{"href":"https:\/\/www.livrariarema.com.br\/loja\/wp-json\/wp\/v2\/product"}],"about":[{"href":"https:\/\/www.livrariarema.com.br\/loja\/wp-json\/wp\/v2\/types\/product"}],"replies":[{"embeddable":true,"href":"https:\/\/www.livrariarema.com.br\/loja\/wp-json\/wp\/v2\/comments?post=343870"}],"wp:featuredmedia":[{"embeddable":true,"href":"https:\/\/www.livrariarema.com.br\/loja\/wp-json\/wp\/v2\/media\/343869"}],"wp:attachment":[{"href":"https:\/\/www.livrariarema.com.br\/loja\/wp-json\/wp\/v2\/media?parent=343870"}],"wp:term":[{"taxonomy":"product_cat","embeddable":true,"href":"https:\/\/www.livrariarema.com.br\/loja\/wp-json\/wp\/v2\/product_cat?post=343870"},{"taxonomy":"product_tag","embeddable":true,"href":"https:\/\/www.livrariarema.com.br\/loja\/wp-json\/wp\/v2\/product_tag?post=343870"}],"curies":[{"name":"wp","href":"https:\/\/api.w.org\/{rel}","templated":true}]}}