{"id":343872,"date":"2026-01-29T16:14:58","date_gmt":"2026-01-29T19:14:58","guid":{"rendered":"https:\/\/www.livrariarema.com.br\/loja\/produtos\/sem categoria\/na063lg-biblia-letra-grande-capa-semiflexivel-celebratta\/"},"modified":"2026-01-29T16:15:03","modified_gmt":"2026-01-29T19:15:03","slug":"na063lg-biblia-letra-grande-capa-semiflexivel-celebratta","status":"publish","type":"product","link":"https:\/\/www.livrariarema.com.br\/loja\/produtos\/biblias\/nova-almeida-atualizada\/na063lg-biblia-letra-grande-capa-semiflexivel-celebratta\/","title":{"rendered":"Na063lg &#8211; B\u00edblia &#8211; Letra Grande &#8211; Capa Semiflex\u00edvel &#8211; Celebratta"},"content":{"rendered":"<p>Com um visual moderno e atual, capa dura e texto b\u00edblico na Nova Almeida Atualizada (NAA), essa edi\u00e7\u00e3o \u00e9 indicada especialmente para o p\u00fablico jovem. A Nova Almeida Atualizada (NAA) \u00e9 uma tradu\u00e7\u00e3o lan\u00e7ada em 2017 pela SBB, resultado de uma profunda revis\u00e3o da consagrada tradu\u00e7\u00e3o Almeida Revista e Atualizada. Ela apresenta um texto cl\u00e1ssico com uma linguagem atual, seguindo a norma padr\u00e3o do portugu\u00eas escrito e falado no Brasil.<\/p>\n","protected":false},"excerpt":{"rendered":"<p>Com um visual moderno e atual, capa dura e texto b\u00edblico na Nova Almeida Atualizada (NAA), essa edi\u00e7\u00e3o \u00e9 indicada&hellip;<\/p>\n","protected":false},"featured_media":343871,"comment_status":"open","ping_status":"closed","template":"","meta":[],"product_cat":[139,174],"product_tag":[],"_links":{"self":[{"href":"https:\/\/www.livrariarema.com.br\/loja\/wp-json\/wp\/v2\/product\/343872"}],"collection":[{"href":"https:\/\/www.livrariarema.com.br\/loja\/wp-json\/wp\/v2\/product"}],"about":[{"href":"https:\/\/www.livrariarema.com.br\/loja\/wp-json\/wp\/v2\/types\/product"}],"replies":[{"embeddable":true,"href":"https:\/\/www.livrariarema.com.br\/loja\/wp-json\/wp\/v2\/comments?post=343872"}],"wp:featuredmedia":[{"embeddable":true,"href":"https:\/\/www.livrariarema.com.br\/loja\/wp-json\/wp\/v2\/media\/343871"}],"wp:attachment":[{"href":"https:\/\/www.livrariarema.com.br\/loja\/wp-json\/wp\/v2\/media?parent=343872"}],"wp:term":[{"taxonomy":"product_cat","embeddable":true,"href":"https:\/\/www.livrariarema.com.br\/loja\/wp-json\/wp\/v2\/product_cat?post=343872"},{"taxonomy":"product_tag","embeddable":true,"href":"https:\/\/www.livrariarema.com.br\/loja\/wp-json\/wp\/v2\/product_tag?post=343872"}],"curies":[{"name":"wp","href":"https:\/\/api.w.org\/{rel}","templated":true}]}}