{"id":343874,"date":"2026-01-29T16:15:09","date_gmt":"2026-01-29T19:15:09","guid":{"rendered":"https:\/\/www.livrariarema.com.br\/loja\/produtos\/sem categoria\/na063mlv-biblia-sagrada-fruto-do-espirito-branco\/"},"modified":"2026-01-29T16:15:11","modified_gmt":"2026-01-29T19:15:11","slug":"na063mlv-biblia-sagrada-fruto-do-espirito-branco","status":"publish","type":"product","link":"https:\/\/www.livrariarema.com.br\/loja\/produtos\/biblias\/nova-almeida-atualizada\/na063mlv-biblia-sagrada-fruto-do-espirito-branco\/","title":{"rendered":"Na063mlv &#8211; B\u00edblia Sagrada &#8211; Fruto Do Esp\u00edrito &#8211; Branco"},"content":{"rendered":"<p>B\u00edblia Sagrada Fruto do Esp\u00edrito Letra Regular Nova Almeida Atualizada (NAA)<br \/>\nA B\u00edblia Fruto do Esp\u00edrito \u00e9 um convite a todos que desejam viver uma vida transformada pela presen\u00e7a e pelo poder do Esp\u00edrito Santo. Em meio a um mundo marcado por press\u00f5es, incertezas e relacionamentos fr\u00e1geis, o fruto do Esp\u00edrito &#8211; AMOR, ALEGRIA, PAZ, LONGANIMIDADE, BENIGNIDADE, BONDADE, FIDELIDADE, MANSID\u00c3O e DOM\u00cdNIO PR\u00d3PRIO (Gl 5.22-23) &#8211; revela o car\u00e1ter de Cristo sendo formado em cada um de n\u00f3s.<\/p>\n<p>Mais do que uma leitura, esta edi\u00e7\u00e3o \u00e9 um chamado \u00e0 transforma\u00e7\u00e3o interior. Que cada p\u00e1gina conduza voc\u00ea a uma experi\u00eancia viva com Deus, permitindo que o Esp\u00edrito Santo molde sua mente, cora\u00e7\u00e3o e atitudes, produzindo uma vida que glorifica o Senhor (Jo 15.8).<\/p>\n","protected":false},"excerpt":{"rendered":"<p>B\u00edblia Sagrada Fruto do Esp\u00edrito Letra Regular Nova Almeida Atualizada (NAA) A B\u00edblia Fruto do Esp\u00edrito \u00e9 um convite a&hellip;<\/p>\n","protected":false},"featured_media":343873,"comment_status":"open","ping_status":"closed","template":"","meta":[],"product_cat":[139,174],"product_tag":[],"_links":{"self":[{"href":"https:\/\/www.livrariarema.com.br\/loja\/wp-json\/wp\/v2\/product\/343874"}],"collection":[{"href":"https:\/\/www.livrariarema.com.br\/loja\/wp-json\/wp\/v2\/product"}],"about":[{"href":"https:\/\/www.livrariarema.com.br\/loja\/wp-json\/wp\/v2\/types\/product"}],"replies":[{"embeddable":true,"href":"https:\/\/www.livrariarema.com.br\/loja\/wp-json\/wp\/v2\/comments?post=343874"}],"wp:featuredmedia":[{"embeddable":true,"href":"https:\/\/www.livrariarema.com.br\/loja\/wp-json\/wp\/v2\/media\/343873"}],"wp:attachment":[{"href":"https:\/\/www.livrariarema.com.br\/loja\/wp-json\/wp\/v2\/media?parent=343874"}],"wp:term":[{"taxonomy":"product_cat","embeddable":true,"href":"https:\/\/www.livrariarema.com.br\/loja\/wp-json\/wp\/v2\/product_cat?post=343874"},{"taxonomy":"product_tag","embeddable":true,"href":"https:\/\/www.livrariarema.com.br\/loja\/wp-json\/wp\/v2\/product_tag?post=343874"}],"curies":[{"name":"wp","href":"https:\/\/api.w.org\/{rel}","templated":true}]}}