{"id":344039,"date":"2026-02-04T12:13:42","date_gmt":"2026-02-04T15:13:42","guid":{"rendered":"https:\/\/www.livrariarema.com.br\/loja\/produtos\/sem categoria\/guardando-lugar-jen-pollock-michel-2a-edicao\/"},"modified":"2026-02-04T14:39:10","modified_gmt":"2026-02-04T17:39:10","slug":"guardando-lugar-jen-pollock-michel-2a-edicao","status":"publish","type":"product","link":"https:\/\/www.livrariarema.com.br\/loja\/produtos\/livros\/familia\/guardando-lugar-jen-pollock-michel-2a-edicao\/","title":{"rendered":"Guardando Lugar &#8211; Jen Pollock Michel (2\u00aa Edi\u00e7\u00e3o)"},"content":{"rendered":"<p>Jen Pollock Michel sabe que o ser humano anseia por ter onde habitar. Possuir um lar \u00e9 o nosso mais intr\u00ednseco desejo. Muitos, contudo, suspiram em tristeza com o sentimento de falta, a falta de um lar. Mesmo a santa hist\u00f3ria do Senhor foi escrita atrav\u00e9s da vida de muitos povos e lugares.<\/p>\n<p>A pr\u00f3pria autora teve muitas casas na vida, e cada uma delas deixou sua marca como a saudade de um lar em que ela nunca conseguiu morar por tempo suficiente. Este livro, assim, conecta o desejo por um lar perfeito, al\u00e9m da decep\u00e7\u00e3o de ser obrigado a mudar repetidas vezes, \u00e0 hist\u00f3ria b\u00edblica, fazendo-nos ver que Deus \u00e9 um Criador de lares, um Senhor que ama dar boas-vindas nas suas moradas. Da mesma forma, sua igreja deve amar ser um lar para \u00f3rf\u00e3os, vi\u00favas e quem mais precise ? ou seja, todos n\u00f3s.<\/p>\n<p>Guardando lugar, agora em segunda edi\u00e7\u00e3o revista, oferece esperan\u00e7a ao perdido, socorro ao abatido, e uma nova perspectiva do que significa viver neste mundo ansiando pelo lar celestial.<\/p>\n<p>Uma coisa \u00e9 falar sobre a verdade, outra bem diferente \u00e9 descrev\u00ea-la com beleza. De uma escrita h\u00e1bil e encantadora, a qual eu sinceramente j\u00e1 esperava da autora, Jen Pollock Michel convida-nos a considerar o santo espa\u00e7o do lar e o sagrado dever de cuidar dela. Por feitura divina, buscamos um lar, e n\u00e3o \u00e0 toa o ser humano, quando longe de casa, sente falta, sente uma sensa\u00e7\u00e3o de vazio. Explorando os ritmos de plenitude e escassez, adora\u00e7\u00e3o e trabalho, rotina e descanso, Jen encoraja homens e mulheres \u00e0 fidelidade no cuidado do lar, at\u00e9 aquele grande dia, quando habitaremos nossa verdadeira e eterna morada. Numa era marcada por transitoriedade e individualismo, a autora deste livro apresenta uma medita\u00e7\u00e3o necess\u00e1rio ao povo de Deus.<br \/>\n&#8211; Jen Wilkin<\/p>\n","protected":false},"excerpt":{"rendered":"<p>Jen Pollock Michel sabe que o ser humano anseia por ter onde habitar. Possuir um lar \u00e9 o nosso mais&hellip;<\/p>\n","protected":false},"featured_media":344059,"comment_status":"open","ping_status":"closed","template":"","meta":[],"product_cat":[178,134],"product_tag":[],"_links":{"self":[{"href":"https:\/\/www.livrariarema.com.br\/loja\/wp-json\/wp\/v2\/product\/344039"}],"collection":[{"href":"https:\/\/www.livrariarema.com.br\/loja\/wp-json\/wp\/v2\/product"}],"about":[{"href":"https:\/\/www.livrariarema.com.br\/loja\/wp-json\/wp\/v2\/types\/product"}],"replies":[{"embeddable":true,"href":"https:\/\/www.livrariarema.com.br\/loja\/wp-json\/wp\/v2\/comments?post=344039"}],"wp:featuredmedia":[{"embeddable":true,"href":"https:\/\/www.livrariarema.com.br\/loja\/wp-json\/wp\/v2\/media\/344059"}],"wp:attachment":[{"href":"https:\/\/www.livrariarema.com.br\/loja\/wp-json\/wp\/v2\/media?parent=344039"}],"wp:term":[{"taxonomy":"product_cat","embeddable":true,"href":"https:\/\/www.livrariarema.com.br\/loja\/wp-json\/wp\/v2\/product_cat?post=344039"},{"taxonomy":"product_tag","embeddable":true,"href":"https:\/\/www.livrariarema.com.br\/loja\/wp-json\/wp\/v2\/product_tag?post=344039"}],"curies":[{"name":"wp","href":"https:\/\/api.w.org\/{rel}","templated":true}]}}