{"id":344041,"date":"2026-02-04T12:13:50","date_gmt":"2026-02-04T15:13:50","guid":{"rendered":"https:\/\/www.livrariarema.com.br\/loja\/produtos\/sem categoria\/algo-de-que-eles-jamais-se-esquecerao-joshua-gibbs\/"},"modified":"2026-02-26T14:11:21","modified_gmt":"2026-02-26T17:11:21","slug":"algo-de-que-eles-jamais-se-esquecerao-joshua-gibbs","status":"publish","type":"product","link":"https:\/\/www.livrariarema.com.br\/loja\/produtos\/livros\/educacao-crista\/algo-de-que-eles-jamais-se-esquecerao-joshua-gibbs\/","title":{"rendered":"Algo De Que Eles Jamais Se Esquecer\u00e3o &#8211; Joshua Gibbs"},"content":{"rendered":"<p>\u00c9 prov\u00e1vel que todo professor j\u00e1 sofreu da triste percep\u00e7\u00e3o de que seus alunos logo esqueceram o que haviam aprendido em aulas anteriores. Embora muitos educadores se sintam envergonhados demais para admitir a realidade, seus alunos a conhecem por experi\u00eancia, e muitos deles acabam concluindo que a escola \u00e9 in\u00fatil. De fato, o estado do sistema p\u00fablico ou mesmo privado de educa\u00e7\u00e3o n\u00e3o est\u00e1 nada agrad\u00e1vel ? sem contar que, infelizmente, muitas escolas cl\u00e1ssicas n\u00e3o ficam para tr\u00e1s.<\/p>\n<p>E se houvesse outra forma de conduzir uma sala de aula? E se cada aula, cada mat\u00e9ria, cada disciplina fosse tratada como vital, necess\u00e1ria, vantajosa? E se os alunos se lembrassem? E se professores aproveitassem o m\u00e1ximo poss\u00edvel seu tempo em sala de aula?<\/p>\n<p>Neste livro, Joshua Gibbs apresenta uma solu\u00e7\u00e3o para todas essas dificuldades. Embora recorra a princ\u00edpios e pressupostos cl\u00e1ssicos, sua elucida\u00e7\u00e3o \u00e9 facilmente implement\u00e1vel em qualquer sala de aula, de qualquer ano, p\u00fablica ou particular, convencional ou dom\u00e9stica. Se, a duras penas, voc\u00ea tem tentado manter o controle em sala de aula, gerir rotinas, continuar com aquelas provas ma\u00e7antes, ou mesmo se sentido desesperan\u00e7oso ao perceber qu\u00e3o depressa seus alunos conseguem se esquecer do que estudaram, saiba que a ajuda necess\u00e1ria se encontra nas resolu\u00e7\u00f5es apresentadas pelo autor.<\/p>\n","protected":false},"excerpt":{"rendered":"<p>\u00c9 prov\u00e1vel que todo professor j\u00e1 sofreu da triste percep\u00e7\u00e3o de que seus alunos logo esqueceram o que haviam aprendido&hellip;<\/p>\n","protected":false},"featured_media":344060,"comment_status":"open","ping_status":"closed","template":"","meta":[],"product_cat":[169,134],"product_tag":[],"_links":{"self":[{"href":"https:\/\/www.livrariarema.com.br\/loja\/wp-json\/wp\/v2\/product\/344041"}],"collection":[{"href":"https:\/\/www.livrariarema.com.br\/loja\/wp-json\/wp\/v2\/product"}],"about":[{"href":"https:\/\/www.livrariarema.com.br\/loja\/wp-json\/wp\/v2\/types\/product"}],"replies":[{"embeddable":true,"href":"https:\/\/www.livrariarema.com.br\/loja\/wp-json\/wp\/v2\/comments?post=344041"}],"wp:featuredmedia":[{"embeddable":true,"href":"https:\/\/www.livrariarema.com.br\/loja\/wp-json\/wp\/v2\/media\/344060"}],"wp:attachment":[{"href":"https:\/\/www.livrariarema.com.br\/loja\/wp-json\/wp\/v2\/media?parent=344041"}],"wp:term":[{"taxonomy":"product_cat","embeddable":true,"href":"https:\/\/www.livrariarema.com.br\/loja\/wp-json\/wp\/v2\/product_cat?post=344041"},{"taxonomy":"product_tag","embeddable":true,"href":"https:\/\/www.livrariarema.com.br\/loja\/wp-json\/wp\/v2\/product_tag?post=344041"}],"curies":[{"name":"wp","href":"https:\/\/api.w.org\/{rel}","templated":true}]}}