{"id":344045,"date":"2026-02-04T12:14:03","date_gmt":"2026-02-04T15:14:03","guid":{"rendered":"https:\/\/www.livrariarema.com.br\/loja\/produtos\/sem categoria\/o-pinguinzinho-viajante-jessica-linn-evans\/"},"modified":"2026-02-07T11:21:21","modified_gmt":"2026-02-07T14:21:21","slug":"o-pinguinzinho-viajante-jessica-linn-evans","status":"publish","type":"product","link":"https:\/\/www.livrariarema.com.br\/loja\/produtos\/livros\/infantil\/o-pinguinzinho-viajante-jessica-linn-evans\/","title":{"rendered":"O Pinguinzinho Viajante &#8211; Jessica Linn Evans"},"content":{"rendered":"<p>Neste lind\u00edssimo livro, acompanhamos a jornada de um pinguinzinho sonhador que, movido por curiosidade, troca a monotonia por um oceano de possibilidades, partindo em uma aventura para se tornar capit\u00e3o de navio e encontrar amigos.<\/p>\n<p>A obra, uma doce e silenciosa odisseia contada por bel\u00edssimas ilustra\u00e7\u00f5es, narra seu encontro com novos companheiros e os desafios que enfrentam juntos. O deslumbramento deste livrinho reside em seu formato sem palavras, que convida pais e filhos a se tornarem coautores da hist\u00f3ria, dando voz \u00e0s cenas e fazendo com que cada leitura seja uma experi\u00eancia \u00fanica e pessoal.<\/p>\n<p>Assim, esta aventura sobre explora\u00e7\u00e3o, coragem e amizade se aprofunda a cada repeti\u00e7\u00e3o, mostrando como a leitura em voz alta pode ser recontada in\u00fameras vezes em fam\u00edlia, numa narrativa cujo leme \u00e9 a pr\u00f3pria imagina\u00e7\u00e3o do leitor.<\/p>\n","protected":false},"excerpt":{"rendered":"<p>Neste lind\u00edssimo livro, acompanhamos a jornada de um pinguinzinho sonhador que, movido por curiosidade, troca a monotonia por um oceano&hellip;<\/p>\n","protected":false},"featured_media":344062,"comment_status":"open","ping_status":"closed","template":"","meta":[],"product_cat":[144,134],"product_tag":[],"_links":{"self":[{"href":"https:\/\/www.livrariarema.com.br\/loja\/wp-json\/wp\/v2\/product\/344045"}],"collection":[{"href":"https:\/\/www.livrariarema.com.br\/loja\/wp-json\/wp\/v2\/product"}],"about":[{"href":"https:\/\/www.livrariarema.com.br\/loja\/wp-json\/wp\/v2\/types\/product"}],"replies":[{"embeddable":true,"href":"https:\/\/www.livrariarema.com.br\/loja\/wp-json\/wp\/v2\/comments?post=344045"}],"wp:featuredmedia":[{"embeddable":true,"href":"https:\/\/www.livrariarema.com.br\/loja\/wp-json\/wp\/v2\/media\/344062"}],"wp:attachment":[{"href":"https:\/\/www.livrariarema.com.br\/loja\/wp-json\/wp\/v2\/media?parent=344045"}],"wp:term":[{"taxonomy":"product_cat","embeddable":true,"href":"https:\/\/www.livrariarema.com.br\/loja\/wp-json\/wp\/v2\/product_cat?post=344045"},{"taxonomy":"product_tag","embeddable":true,"href":"https:\/\/www.livrariarema.com.br\/loja\/wp-json\/wp\/v2\/product_tag?post=344045"}],"curies":[{"name":"wp","href":"https:\/\/api.w.org\/{rel}","templated":true}]}}