{"id":344064,"date":"2026-02-04T14:39:30","date_gmt":"2026-02-04T17:39:30","guid":{"rendered":"https:\/\/www.livrariarema.com.br\/loja\/produtos\/sem categoria\/o-amor-nas-ruinas-do-mundo-emilio-garofalo-capa-dura-edicao-de-luxo\/"},"modified":"2026-02-04T14:39:32","modified_gmt":"2026-02-04T17:39:32","slug":"o-amor-nas-ruinas-do-mundo-emilio-garofalo-capa-dura-edicao-de-luxo","status":"publish","type":"product","link":"https:\/\/www.livrariarema.com.br\/loja\/produtos\/livros\/familia\/o-amor-nas-ruinas-do-mundo-emilio-garofalo-capa-dura-edicao-de-luxo\/","title":{"rendered":"O Amor Nas Ru\u00ednas Do Mundo &#8211; Emilio Garofalo (Capa Dura &#8211; Edi\u00e7\u00e3o De Luxo)"},"content":{"rendered":"<p>Como \u00e9 poss\u00edvel amar em um mundo em ru\u00ednas?<\/p>\n<p>Nesta cole\u00e7\u00e3o de 25 contos, Emilio Garofalo mergulha nas profundezas dessa quest\u00e3o, explorando o amor que une e o que aprisiona, o afeto por um animal, a saudade de uma cidade e a fome por um mist\u00e9rio. As narrativas transitam com maestria entre o realismo comovente e a fantasia assombrosa, levando o leitor de acampamentos de igreja a encontros com alien\u00edgenas, de road trips existenciais a embates com vampiros. Cada conto \u00e9 um espelho que reflete nossos pr\u00f3prios anseios e uma janela para o sagrado que habita o ordin\u00e1rio. Embora independentes, as hist\u00f3rias se entrela\u00e7am sutilmente, criando um universo liter\u00e1rio coeso o Garofaloverso, onde personagens imperfeitos, t\u00e3o parecidos conosco, buscam encontrar seu lugar.<br \/>\nTrata-se de uma tape\u00e7aria de narrativas que, conquanto completas em si, se conectam de maneiras sutis e surpreendentes. Personagens, lugares e eventos reaparecem, convidando o leitor a ser um detetive de um mundo compartilhado que se estende de Bras\u00edlia e Paraty aos sagu\u00f5es de aeroportos em Doha e Londres. \u00c9 uma jornada por dentro da alma humana, guiada pela f\u00e9, mas sem medo de explorar as sombras. Com a sensibilidade de um poeta e a profundidade de um te\u00f3logo, Garofalo n\u00e3o oferece respostas f\u00e1ceis, mas algo mais valioso: hist\u00f3rias que nos ensinam a viver, a sentir e a encontrar beleza e esperan\u00e7a justamente onde o mundo parece ter desmoronado. Esta \u00e9 uma obra para ser lida com a mente e sentida com a alma.<\/p>\n<p>SUM\u00c1RIO<\/p>\n<p>1. Ent\u00e3o se ver\u00e3o<br \/>\n2. O peso das coisas<br \/>\n3. Esfirras de outro mundo<br \/>\n4. No meio da coisa (in media res)<br \/>\n5. Veremos, ent\u00e3o<br \/>\n6. Tentar tirar peda\u00e7o<br \/>\n7. Enquanto houver batalhas<br \/>\n8. O que se passou na montanha<br \/>\n9. As m\u00fasicas que a gente canta errado<br \/>\n10. A hora de parar de chorar<br \/>\n11. Soblenatuxisto<br \/>\n12. Vai doer bastante<br \/>\n13. Samba de pan\u00e7a<br \/>\n14. Sem nem se despedir<br \/>\n15. Voando para leste<br \/>\n16. A foca lindeza<br \/>\n17. A menina que encantava tartarugas<br \/>\n18. Frankencity<br \/>\n19. Baunilhas &amp; flores<br \/>\n20. Perten\u00e7o a isso?<br \/>\n21. Aquilo que paira no ar<br \/>\n22. Pode ser que eu morra hoje<br \/>\n23. Vulc\u00e3o pura lava<br \/>\n24. L\u00e1 onde o cora\u00e7\u00e3o faz a curva<br \/>\n25. Intrigante e azedinha<\/p>\n","protected":false},"excerpt":{"rendered":"<p>Como \u00e9 poss\u00edvel amar em um mundo em ru\u00ednas? Nesta cole\u00e7\u00e3o de 25 contos, Emilio Garofalo mergulha nas profundezas dessa&hellip;<\/p>\n","protected":false},"featured_media":344063,"comment_status":"open","ping_status":"closed","template":"","meta":[],"product_cat":[178,134],"product_tag":[],"_links":{"self":[{"href":"https:\/\/www.livrariarema.com.br\/loja\/wp-json\/wp\/v2\/product\/344064"}],"collection":[{"href":"https:\/\/www.livrariarema.com.br\/loja\/wp-json\/wp\/v2\/product"}],"about":[{"href":"https:\/\/www.livrariarema.com.br\/loja\/wp-json\/wp\/v2\/types\/product"}],"replies":[{"embeddable":true,"href":"https:\/\/www.livrariarema.com.br\/loja\/wp-json\/wp\/v2\/comments?post=344064"}],"wp:featuredmedia":[{"embeddable":true,"href":"https:\/\/www.livrariarema.com.br\/loja\/wp-json\/wp\/v2\/media\/344063"}],"wp:attachment":[{"href":"https:\/\/www.livrariarema.com.br\/loja\/wp-json\/wp\/v2\/media?parent=344064"}],"wp:term":[{"taxonomy":"product_cat","embeddable":true,"href":"https:\/\/www.livrariarema.com.br\/loja\/wp-json\/wp\/v2\/product_cat?post=344064"},{"taxonomy":"product_tag","embeddable":true,"href":"https:\/\/www.livrariarema.com.br\/loja\/wp-json\/wp\/v2\/product_tag?post=344064"}],"curies":[{"name":"wp","href":"https:\/\/api.w.org\/{rel}","templated":true}]}}