{"id":344066,"date":"2026-02-04T14:39:37","date_gmt":"2026-02-04T17:39:37","guid":{"rendered":"https:\/\/www.livrariarema.com.br\/loja\/produtos\/sem categoria\/flores-cinzentas-uma-cancao-em-imagens-dave-radford\/"},"modified":"2026-02-28T11:33:38","modified_gmt":"2026-02-28T14:33:38","slug":"flores-cinzentas-uma-cancao-em-imagens-dave-radford","status":"publish","type":"product","link":"https:\/\/www.livrariarema.com.br\/loja\/produtos\/livros\/infantil\/flores-cinzentas-uma-cancao-em-imagens-dave-radford\/","title":{"rendered":"Flores Cinzentas &#8211; Uma Can\u00e7\u00e3o Em Imagens &#8211; Dave Radford"},"content":{"rendered":"<p>Era uma vez a Cidade Colorida, um lugar que se orgulhava tanto de suas cores que baniu para sempre um \u00fanico tom: o cinza. Ali, o amarelo era vibrante, o roxo, majestoso, e o vermelho, ousado. Mas e o cinza? O cinza n\u00e3o era bem-vindo.<\/p>\n<p>A ordem \u00e9 abalada com a chegada de um homem cinzento, montado em seu cavalo cinzento, que ousa desafiar a t\u00e3o temida regra ao presentear diariamente uma mo\u00e7a solit\u00e1ria e rejeitada pelos demais cidad\u00e3os com flores&#8230; cinzentas. Este ato de bondade floresce em meio ao medo e ao abandono, ensinando a toda uma cidade que as apar\u00eancias enganam.<\/p>\n<p>Ideal para ser lido em voz alta com toda a fam\u00edlia, Flores cinzentas conta uma linda hist\u00f3ria de coragem, compaix\u00e3o e arrependimento.<\/p>\n","protected":false},"excerpt":{"rendered":"<p>Era uma vez a Cidade Colorida, um lugar que se orgulhava tanto de suas cores que baniu para sempre um&hellip;<\/p>\n","protected":false},"featured_media":344065,"comment_status":"open","ping_status":"closed","template":"","meta":[],"product_cat":[144,134],"product_tag":[],"_links":{"self":[{"href":"https:\/\/www.livrariarema.com.br\/loja\/wp-json\/wp\/v2\/product\/344066"}],"collection":[{"href":"https:\/\/www.livrariarema.com.br\/loja\/wp-json\/wp\/v2\/product"}],"about":[{"href":"https:\/\/www.livrariarema.com.br\/loja\/wp-json\/wp\/v2\/types\/product"}],"replies":[{"embeddable":true,"href":"https:\/\/www.livrariarema.com.br\/loja\/wp-json\/wp\/v2\/comments?post=344066"}],"wp:featuredmedia":[{"embeddable":true,"href":"https:\/\/www.livrariarema.com.br\/loja\/wp-json\/wp\/v2\/media\/344065"}],"wp:attachment":[{"href":"https:\/\/www.livrariarema.com.br\/loja\/wp-json\/wp\/v2\/media?parent=344066"}],"wp:term":[{"taxonomy":"product_cat","embeddable":true,"href":"https:\/\/www.livrariarema.com.br\/loja\/wp-json\/wp\/v2\/product_cat?post=344066"},{"taxonomy":"product_tag","embeddable":true,"href":"https:\/\/www.livrariarema.com.br\/loja\/wp-json\/wp\/v2\/product_tag?post=344066"}],"curies":[{"name":"wp","href":"https:\/\/api.w.org\/{rel}","templated":true}]}}