{"id":344073,"date":"2026-02-04T14:40:13","date_gmt":"2026-02-04T17:40:13","guid":{"rendered":"https:\/\/www.livrariarema.com.br\/loja\/produtos\/sem categoria\/o-alfabeto-perigoso-acompanha-cartela-com-16-adesivos-mauricio-fonseca\/"},"modified":"2026-03-28T11:22:09","modified_gmt":"2026-03-28T14:22:09","slug":"o-alfabeto-perigoso-acompanha-cartela-com-16-adesivos-mauricio-fonseca","status":"publish","type":"product","link":"https:\/\/www.livrariarema.com.br\/loja\/produtos\/livros\/infantil\/o-alfabeto-perigoso-acompanha-cartela-com-16-adesivos-mauricio-fonseca\/","title":{"rendered":"O Alfabeto Perigoso: (Acompanha Cartela Com 16 Adesivos) &#8211; Mauricio Fonseca"},"content":{"rendered":"<p>CUIDADO: Este n\u00e3o \u00e9 um livro comum de ABC!<\/p>\n<p>Prepare-se para criaturas esquisitas, rimas malucas e situa\u00e7\u00f5es que parecem perigosas&#8230; mas s\u00f3 de brincadeira! Esque\u00e7a a ma\u00e7\u00e3 e o cachorrinho; aqui, o A \u00e9 de aranha ardilosa, o B \u00e9 de biscoito de lombriga, e o C \u00e9 de coelho lutador que te enche de chul\u00e9!<\/p>\n<p>O alfabeto perigoso transforma cada letra em uma aventura inesperada: jacar\u00e9s com sapato na m\u00e3o, ostras que puxam bazucas, zebras que n\u00e3o avisam quando d\u00e3o coices. Um desfile de maluquices rimadas que vai fazer as crian\u00e7as gargalharem e pedirem &#8220;De novo!&#8221;.<\/p>\n<p>Pensado para leitores de 5 a 8 anos, este livro vai muito al\u00e9m da divers\u00e3o. Com rimas criativas e versos que grudam na mem\u00f3ria, ele amplia o vocabul\u00e1rio, desenvolve o senso de humor e transforma o aprendizado em momentos \u00fanicos de cumplicidade familiar uma experi\u00eancia cheia de sustos fingidos e risadas de verdade.<\/p>\n<p>Pais, preparem-se!<br \/>\nMem\u00f3rias afetivas inesquec\u00edveis est\u00e3o garantidas.<\/p>\n<p>Aten\u00e7\u00e3o: abra com cuidado! <br \/>\nO alfabeto nunca foi t\u00e3o perigosamente divertido!<\/p>\n","protected":false},"excerpt":{"rendered":"<p>CUIDADO: Este n\u00e3o \u00e9 um livro comum de ABC! Prepare-se para criaturas esquisitas, rimas malucas e situa\u00e7\u00f5es que parecem perigosas&#8230;&hellip;<\/p>\n","protected":false},"featured_media":344072,"comment_status":"open","ping_status":"closed","template":"","meta":[],"product_cat":[144,134],"product_tag":[],"_links":{"self":[{"href":"https:\/\/www.livrariarema.com.br\/loja\/wp-json\/wp\/v2\/product\/344073"}],"collection":[{"href":"https:\/\/www.livrariarema.com.br\/loja\/wp-json\/wp\/v2\/product"}],"about":[{"href":"https:\/\/www.livrariarema.com.br\/loja\/wp-json\/wp\/v2\/types\/product"}],"replies":[{"embeddable":true,"href":"https:\/\/www.livrariarema.com.br\/loja\/wp-json\/wp\/v2\/comments?post=344073"}],"wp:featuredmedia":[{"embeddable":true,"href":"https:\/\/www.livrariarema.com.br\/loja\/wp-json\/wp\/v2\/media\/344072"}],"wp:attachment":[{"href":"https:\/\/www.livrariarema.com.br\/loja\/wp-json\/wp\/v2\/media?parent=344073"}],"wp:term":[{"taxonomy":"product_cat","embeddable":true,"href":"https:\/\/www.livrariarema.com.br\/loja\/wp-json\/wp\/v2\/product_cat?post=344073"},{"taxonomy":"product_tag","embeddable":true,"href":"https:\/\/www.livrariarema.com.br\/loja\/wp-json\/wp\/v2\/product_tag?post=344073"}],"curies":[{"name":"wp","href":"https:\/\/api.w.org\/{rel}","templated":true}]}}