{"id":344076,"date":"2026-02-04T14:40:28","date_gmt":"2026-02-04T17:40:28","guid":{"rendered":"https:\/\/www.livrariarema.com.br\/loja\/produtos\/sem categoria\/o-essencial-ensinando-os-fundamentos-da-educacao-classica-ao-seu-filho-leigh-a-bortins\/"},"modified":"2026-02-04T14:40:31","modified_gmt":"2026-02-04T17:40:31","slug":"o-essencial-ensinando-os-fundamentos-da-educacao-classica-ao-seu-filho-leigh-a-bortins","status":"publish","type":"product","link":"https:\/\/www.livrariarema.com.br\/loja\/produtos\/livros\/familia\/o-essencial-ensinando-os-fundamentos-da-educacao-classica-ao-seu-filho-leigh-a-bortins\/","title":{"rendered":"O Essencial: Ensinando Os Fundamentos Da Educa\u00e7\u00e3o Cl\u00e1ssica Ao Seu Filho &#8211; Leigh A. Bortins"},"content":{"rendered":"<p>No passado, estudos como gram\u00e1tica, tabuada, o nome dos estados, suas capitais e dos presidentes de nosso pa\u00eds eram elementos b\u00e1sicos que todas as crian\u00e7as aprendiam na escola. Atualmente, no entanto, muitos alunos chegam \u00e0 formatura sem esse conhecimento essencial. A maior parte do curr\u00edculo contempor\u00e2neo centraliza-se no ativismo do politicamente correto, e n\u00e3o no verdadeiro ensino e aprendizado. Por isso, a fim de que as crian\u00e7as obtenham sucesso acad\u00eamico e pr\u00e1tico, \u00e9 imperativo que aprendam desde cedo as colunas mais basilares do conhecimento.<\/p>\n<p>Neste livro, Leigh A. Bortins, especialista em educa\u00e7\u00e3o cl\u00e1ssica e fundadora do instituto Classical Conversations, incorpora as melhores ideias de educadores antigos e oferece aos pais as ferramentas e metodologia necess\u00e1rios para implementar um curr\u00edculo rigoroso, amplo e profundo, que ir\u00e1 cultivar em seus filhos paix\u00e3o pelo aprendizado e neles desenvolver uma compreens\u00e3o apropriada de como o mundo realmente funciona. <\/p>\n<p>Voc\u00ea tamb\u00e9m ir\u00e1 aprender:<br \/>\n&#8211; t\u00e9cnicas para expandir conhecimentos basilares<br \/>\n&#8211; m\u00e9todos efetivos para o desenvolvimento da autoexpress\u00e3o<br \/>\n&#8211; como usar os grandes livros a fim de aprofundar sua cosmovis\u00e3o<br \/>\n&#8211; preparo rigoroso em matem\u00e1tica e ci\u00eancias.<\/p>\n","protected":false},"excerpt":{"rendered":"<p>No passado, estudos como gram\u00e1tica, tabuada, o nome dos estados, suas capitais e dos presidentes de nosso pa\u00eds eram elementos&hellip;<\/p>\n","protected":false},"featured_media":344075,"comment_status":"open","ping_status":"closed","template":"","meta":[],"product_cat":[178,134],"product_tag":[],"_links":{"self":[{"href":"https:\/\/www.livrariarema.com.br\/loja\/wp-json\/wp\/v2\/product\/344076"}],"collection":[{"href":"https:\/\/www.livrariarema.com.br\/loja\/wp-json\/wp\/v2\/product"}],"about":[{"href":"https:\/\/www.livrariarema.com.br\/loja\/wp-json\/wp\/v2\/types\/product"}],"replies":[{"embeddable":true,"href":"https:\/\/www.livrariarema.com.br\/loja\/wp-json\/wp\/v2\/comments?post=344076"}],"wp:featuredmedia":[{"embeddable":true,"href":"https:\/\/www.livrariarema.com.br\/loja\/wp-json\/wp\/v2\/media\/344075"}],"wp:attachment":[{"href":"https:\/\/www.livrariarema.com.br\/loja\/wp-json\/wp\/v2\/media?parent=344076"}],"wp:term":[{"taxonomy":"product_cat","embeddable":true,"href":"https:\/\/www.livrariarema.com.br\/loja\/wp-json\/wp\/v2\/product_cat?post=344076"},{"taxonomy":"product_tag","embeddable":true,"href":"https:\/\/www.livrariarema.com.br\/loja\/wp-json\/wp\/v2\/product_tag?post=344076"}],"curies":[{"name":"wp","href":"https:\/\/api.w.org\/{rel}","templated":true}]}}