{"id":344082,"date":"2026-02-04T14:41:55","date_gmt":"2026-02-04T17:41:55","guid":{"rendered":"https:\/\/www.livrariarema.com.br\/loja\/produtos\/sem categoria\/com-todo-o-teu-coracao-a-craig-troxel\/"},"modified":"2026-02-04T14:41:58","modified_gmt":"2026-02-04T17:41:58","slug":"com-todo-o-teu-coracao-a-craig-troxel","status":"publish","type":"product","link":"https:\/\/www.livrariarema.com.br\/loja\/produtos\/livros\/vida-crista\/com-todo-o-teu-coracao-a-craig-troxel\/","title":{"rendered":"Com Todo O Teu Cora\u00e7\u00e3o &#8211; A. Craig Troxel"},"content":{"rendered":"<p>O CORA\u00c7\u00c3O DO PROBLEMA \u00c9 O PROBLEMA DO CORA\u00c7\u00c3O<\/p>\n<p>Na realidade atual, costumamos usar o termo cora\u00e7\u00e3o para nos referirmos \u00e0s nossas emo\u00e7\u00f5es. A B\u00edblia, por\u00e9m, usa esta palavra para referir-se ao \u00e2mago da vida. \u00c9 urgente a necessidade de compreendermos o real significado de cora\u00e7\u00e3o, a fim de entendermos melhor a n\u00f3s mesmos, o pecado e a necessidade pessoal de salva\u00e7\u00e3o e reden\u00e7\u00e3o.<\/p>\n<p>Assim, redescobrindo o cora\u00e7\u00e3o como fonte de todos os pensamentos, medos e a\u00e7\u00f5es, descobriremos princ\u00edpios e pr\u00e1ticas que orientar\u00e3o todo o nosso ser no caminho do verdadeiro amor e da genu\u00edna obedi\u00eancia a Deus.<\/p>\n<p>Em Com todo o teu cora\u00e7\u00e3o, A. Craig Troxel manifesta o fruto maduro de um brilhante intelecto aliado a uma sabedoria provada e forjada biblicamente.<\/p>\n","protected":false},"excerpt":{"rendered":"<p>O CORA\u00c7\u00c3O DO PROBLEMA \u00c9 O PROBLEMA DO CORA\u00c7\u00c3O Na realidade atual, costumamos usar o termo cora\u00e7\u00e3o para nos referirmos&hellip;<\/p>\n","protected":false},"featured_media":344081,"comment_status":"open","ping_status":"closed","template":"","meta":[],"product_cat":[134,137],"product_tag":[],"_links":{"self":[{"href":"https:\/\/www.livrariarema.com.br\/loja\/wp-json\/wp\/v2\/product\/344082"}],"collection":[{"href":"https:\/\/www.livrariarema.com.br\/loja\/wp-json\/wp\/v2\/product"}],"about":[{"href":"https:\/\/www.livrariarema.com.br\/loja\/wp-json\/wp\/v2\/types\/product"}],"replies":[{"embeddable":true,"href":"https:\/\/www.livrariarema.com.br\/loja\/wp-json\/wp\/v2\/comments?post=344082"}],"wp:featuredmedia":[{"embeddable":true,"href":"https:\/\/www.livrariarema.com.br\/loja\/wp-json\/wp\/v2\/media\/344081"}],"wp:attachment":[{"href":"https:\/\/www.livrariarema.com.br\/loja\/wp-json\/wp\/v2\/media?parent=344082"}],"wp:term":[{"taxonomy":"product_cat","embeddable":true,"href":"https:\/\/www.livrariarema.com.br\/loja\/wp-json\/wp\/v2\/product_cat?post=344082"},{"taxonomy":"product_tag","embeddable":true,"href":"https:\/\/www.livrariarema.com.br\/loja\/wp-json\/wp\/v2\/product_tag?post=344082"}],"curies":[{"name":"wp","href":"https:\/\/api.w.org\/{rel}","templated":true}]}}