{"id":344182,"date":"2026-02-10T17:26:26","date_gmt":"2026-02-10T20:26:26","guid":{"rendered":"https:\/\/www.livrariarema.com.br\/loja\/produtos\/sem categoria\/escolinha-baby-montessori-contrastes-jardim\/"},"modified":"2026-02-28T11:30:56","modified_gmt":"2026-02-28T14:30:56","slug":"escolinha-baby-montessori-contrastes-jardim","status":"publish","type":"product","link":"https:\/\/www.livrariarema.com.br\/loja\/produtos\/livros\/infantil\/escolinha-baby-montessori-contrastes-jardim\/","title":{"rendered":"Escolinha Baby Montessori &#8211; Contrastes &#8211; Jardim"},"content":{"rendered":"<p>H\u00e1 tantas coisas para observar no jardim! Vamos juntos descobri-las em todas as p\u00e1ginas deste livro inspirado no M\u00c9TODO MONTESSORI. A crian\u00e7a pode observar as imagens em preto e branco, descobrir os detalhes sutis em vermelho e come\u00e7ar a explorar o mundo! A vis\u00e3o dos beb\u00eas n\u00e3o est\u00e1 totalmente desenvolvida nos primeiros meses. Os rec\u00e9m-nascidos veem os objetos a cerca de 30cm de dist\u00e2ncia e n\u00e3o conseguem distinguir certos tons de cores muito pr\u00f3ximos entre si, por isso eles se sentem atra\u00eddos por ilustra\u00e7\u00f5es em preto e branco ou preto e cores prim\u00e1rias, com esquemas de cores de alto-contraste, as quais ajudam no desenvolvimento da concentra\u00e7\u00e3o visual.<\/p>\n","protected":false},"excerpt":{"rendered":"<p>H\u00e1 tantas coisas para observar no jardim! Vamos juntos descobri-las em todas as p\u00e1ginas deste livro inspirado no M\u00c9TODO MONTESSORI.&hellip;<\/p>\n","protected":false},"featured_media":344208,"comment_status":"open","ping_status":"closed","template":"","meta":[],"product_cat":[144,134],"product_tag":[],"_links":{"self":[{"href":"https:\/\/www.livrariarema.com.br\/loja\/wp-json\/wp\/v2\/product\/344182"}],"collection":[{"href":"https:\/\/www.livrariarema.com.br\/loja\/wp-json\/wp\/v2\/product"}],"about":[{"href":"https:\/\/www.livrariarema.com.br\/loja\/wp-json\/wp\/v2\/types\/product"}],"replies":[{"embeddable":true,"href":"https:\/\/www.livrariarema.com.br\/loja\/wp-json\/wp\/v2\/comments?post=344182"}],"wp:featuredmedia":[{"embeddable":true,"href":"https:\/\/www.livrariarema.com.br\/loja\/wp-json\/wp\/v2\/media\/344208"}],"wp:attachment":[{"href":"https:\/\/www.livrariarema.com.br\/loja\/wp-json\/wp\/v2\/media?parent=344182"}],"wp:term":[{"taxonomy":"product_cat","embeddable":true,"href":"https:\/\/www.livrariarema.com.br\/loja\/wp-json\/wp\/v2\/product_cat?post=344182"},{"taxonomy":"product_tag","embeddable":true,"href":"https:\/\/www.livrariarema.com.br\/loja\/wp-json\/wp\/v2\/product_tag?post=344182"}],"curies":[{"name":"wp","href":"https:\/\/api.w.org\/{rel}","templated":true}]}}