{"id":344184,"date":"2026-02-10T17:26:33","date_gmt":"2026-02-10T20:26:33","guid":{"rendered":"https:\/\/www.livrariarema.com.br\/loja\/produtos\/sem categoria\/escolinha-baby-montessori-contrastes-siga-me\/"},"modified":"2026-02-28T11:31:04","modified_gmt":"2026-02-28T14:31:04","slug":"escolinha-baby-montessori-contrastes-siga-me","status":"publish","type":"product","link":"https:\/\/www.livrariarema.com.br\/loja\/produtos\/livros\/infantil\/escolinha-baby-montessori-contrastes-siga-me\/","title":{"rendered":"Escolinha Baby Montessori &#8211; Contrastes &#8211; Siga-Me!"},"content":{"rendered":"<p>Vire as p\u00e1ginas deste livro inspirado no M\u00c9TODO MONTESSORI. A crian\u00e7a pode tra\u00e7ar os percursos em relevo com seu dedinho, observar as imagens em preto e branco, descobrir os detalhes sutis em vermelho e come\u00e7ar a explorar o mundo! A vis\u00e3o dos beb\u00eas n\u00e3o est\u00e1 totalmente desenvolvida nos primeiros meses. Os rec\u00e9m-nascidos veem os objetos a cerca de 30cm de dist\u00e2ncia e n\u00e3o conseguem distinguir certos tons de cores muito pr\u00f3ximos entre si, por isso eles se sentem atra\u00eddos por ilustra\u00e7\u00f5es em preto e branco ou preto e cores prim\u00e1rias, com esquemas de cores de alto-contraste, as quais ajudam no desenvolvimento da concentra\u00e7\u00e3o visual.<\/p>\n","protected":false},"excerpt":{"rendered":"<p>Vire as p\u00e1ginas deste livro inspirado no M\u00c9TODO MONTESSORI. A crian\u00e7a pode tra\u00e7ar os percursos em relevo com seu dedinho,&hellip;<\/p>\n","protected":false},"featured_media":344209,"comment_status":"open","ping_status":"closed","template":"","meta":[],"product_cat":[144,134],"product_tag":[],"_links":{"self":[{"href":"https:\/\/www.livrariarema.com.br\/loja\/wp-json\/wp\/v2\/product\/344184"}],"collection":[{"href":"https:\/\/www.livrariarema.com.br\/loja\/wp-json\/wp\/v2\/product"}],"about":[{"href":"https:\/\/www.livrariarema.com.br\/loja\/wp-json\/wp\/v2\/types\/product"}],"replies":[{"embeddable":true,"href":"https:\/\/www.livrariarema.com.br\/loja\/wp-json\/wp\/v2\/comments?post=344184"}],"wp:featuredmedia":[{"embeddable":true,"href":"https:\/\/www.livrariarema.com.br\/loja\/wp-json\/wp\/v2\/media\/344209"}],"wp:attachment":[{"href":"https:\/\/www.livrariarema.com.br\/loja\/wp-json\/wp\/v2\/media?parent=344184"}],"wp:term":[{"taxonomy":"product_cat","embeddable":true,"href":"https:\/\/www.livrariarema.com.br\/loja\/wp-json\/wp\/v2\/product_cat?post=344184"},{"taxonomy":"product_tag","embeddable":true,"href":"https:\/\/www.livrariarema.com.br\/loja\/wp-json\/wp\/v2\/product_tag?post=344184"}],"curies":[{"name":"wp","href":"https:\/\/api.w.org\/{rel}","templated":true}]}}