{"id":344190,"date":"2026-02-10T17:27:08","date_gmt":"2026-02-10T20:27:08","guid":{"rendered":"https:\/\/www.livrariarema.com.br\/loja\/produtos\/sem categoria\/momentos-especiais-livro-do-bebe-azul\/"},"modified":"2026-04-08T11:26:33","modified_gmt":"2026-04-08T14:26:33","slug":"momentos-especiais-livro-do-bebe-azul","status":"publish","type":"product","link":"https:\/\/www.livrariarema.com.br\/loja\/produtos\/livros\/infantil\/momentos-especiais-livro-do-bebe-azul\/","title":{"rendered":"Momentos Especiais &#8211; Livro Do Beb\u00ea (Azul)"},"content":{"rendered":"<p>Momentos especias \u00e9 um livro dedicado \u00e0s melhores recorda\u00e7\u00f5es do seu beb\u00ea, com espa\u00e7os destinados a cartinhas, frases inspiradoras e dados pessoais. Assim, voc\u00ea poder\u00e1 registrar todas as conquistas dele com fotos e palavras.<\/p>\n","protected":false},"excerpt":{"rendered":"<p>Momentos especias \u00e9 um livro dedicado \u00e0s melhores recorda\u00e7\u00f5es do seu beb\u00ea, com espa\u00e7os destinados a cartinhas, frases inspiradoras e&hellip;<\/p>\n","protected":false},"featured_media":344189,"comment_status":"open","ping_status":"closed","template":"","meta":[],"product_cat":[144,134],"product_tag":[],"_links":{"self":[{"href":"https:\/\/www.livrariarema.com.br\/loja\/wp-json\/wp\/v2\/product\/344190"}],"collection":[{"href":"https:\/\/www.livrariarema.com.br\/loja\/wp-json\/wp\/v2\/product"}],"about":[{"href":"https:\/\/www.livrariarema.com.br\/loja\/wp-json\/wp\/v2\/types\/product"}],"replies":[{"embeddable":true,"href":"https:\/\/www.livrariarema.com.br\/loja\/wp-json\/wp\/v2\/comments?post=344190"}],"wp:featuredmedia":[{"embeddable":true,"href":"https:\/\/www.livrariarema.com.br\/loja\/wp-json\/wp\/v2\/media\/344189"}],"wp:attachment":[{"href":"https:\/\/www.livrariarema.com.br\/loja\/wp-json\/wp\/v2\/media?parent=344190"}],"wp:term":[{"taxonomy":"product_cat","embeddable":true,"href":"https:\/\/www.livrariarema.com.br\/loja\/wp-json\/wp\/v2\/product_cat?post=344190"},{"taxonomy":"product_tag","embeddable":true,"href":"https:\/\/www.livrariarema.com.br\/loja\/wp-json\/wp\/v2\/product_tag?post=344190"}],"curies":[{"name":"wp","href":"https:\/\/api.w.org\/{rel}","templated":true}]}}