{"id":344194,"date":"2026-02-10T17:27:28","date_gmt":"2026-02-10T20:27:28","guid":{"rendered":"https:\/\/www.livrariarema.com.br\/loja\/produtos\/sem categoria\/baby-montessori-contrastes-fofos-siga-me\/"},"modified":"2026-02-10T17:27:31","modified_gmt":"2026-02-10T20:27:31","slug":"baby-montessori-contrastes-fofos-siga-me","status":"publish","type":"product","link":"https:\/\/www.livrariarema.com.br\/loja\/produtos\/livros\/infantil\/baby-montessori-contrastes-fofos-siga-me\/","title":{"rendered":"Baby Montessori &#8211; Contrastes Fofos &#8211; Siga-Me!"},"content":{"rendered":"<p>Os beb\u00eas rec\u00e9m-nascidos n\u00e3o conseguem distinguir certos tons de cores muito pr\u00f3ximos entre si, por isso eles se sentem atra\u00eddos por ilustra\u00e7\u00f5es em preto e branco ou preto e cores prim\u00e1rias, com esquema de cores em alto-contraste, as quais ajudam no desenvolvimento da percep\u00e7\u00e3o visual. Nas p\u00e1ginas deste livro inspirado no M\u00e9todo Montessori, o beb\u00ea ir\u00e1 observar as imagens em preto e branco, descobrir os detalhes sutis em vermelho e, assim, come\u00e7ar a explorar o mundo.<\/p>\n","protected":false},"excerpt":{"rendered":"<p>Os beb\u00eas rec\u00e9m-nascidos n\u00e3o conseguem distinguir certos tons de cores muito pr\u00f3ximos entre si, por isso eles se sentem atra\u00eddos&hellip;<\/p>\n","protected":false},"featured_media":344193,"comment_status":"open","ping_status":"closed","template":"","meta":[],"product_cat":[144,134],"product_tag":[],"_links":{"self":[{"href":"https:\/\/www.livrariarema.com.br\/loja\/wp-json\/wp\/v2\/product\/344194"}],"collection":[{"href":"https:\/\/www.livrariarema.com.br\/loja\/wp-json\/wp\/v2\/product"}],"about":[{"href":"https:\/\/www.livrariarema.com.br\/loja\/wp-json\/wp\/v2\/types\/product"}],"replies":[{"embeddable":true,"href":"https:\/\/www.livrariarema.com.br\/loja\/wp-json\/wp\/v2\/comments?post=344194"}],"wp:featuredmedia":[{"embeddable":true,"href":"https:\/\/www.livrariarema.com.br\/loja\/wp-json\/wp\/v2\/media\/344193"}],"wp:attachment":[{"href":"https:\/\/www.livrariarema.com.br\/loja\/wp-json\/wp\/v2\/media?parent=344194"}],"wp:term":[{"taxonomy":"product_cat","embeddable":true,"href":"https:\/\/www.livrariarema.com.br\/loja\/wp-json\/wp\/v2\/product_cat?post=344194"},{"taxonomy":"product_tag","embeddable":true,"href":"https:\/\/www.livrariarema.com.br\/loja\/wp-json\/wp\/v2\/product_tag?post=344194"}],"curies":[{"name":"wp","href":"https:\/\/api.w.org\/{rel}","templated":true}]}}