{"id":344196,"date":"2026-02-10T17:27:35","date_gmt":"2026-02-10T20:27:35","guid":{"rendered":"https:\/\/www.livrariarema.com.br\/loja\/produtos\/sem categoria\/momentos-especiais-livro-do-bebe-rosa\/"},"modified":"2026-02-26T16:10:17","modified_gmt":"2026-02-26T19:10:17","slug":"momentos-especiais-livro-do-bebe-rosa","status":"publish","type":"product","link":"https:\/\/www.livrariarema.com.br\/loja\/produtos\/livros\/infantil\/momentos-especiais-livro-do-bebe-rosa\/","title":{"rendered":"Momentos Especiais &#8211; Livro Do Beb\u00ea (Rosa)"},"content":{"rendered":"<p>Momentos especias \u00e9 um livro dedicado \u00e0s melhores recorda\u00e7\u00f5es do seu beb\u00ea, com espa\u00e7os destinados a cartinhas, frases inspiradoras e dados pessoais. Assim, voc\u00ea poder\u00e1 registrar todas as conquistas dele com fotos e palavras.<\/p>\n","protected":false},"excerpt":{"rendered":"<p>Momentos especias \u00e9 um livro dedicado \u00e0s melhores recorda\u00e7\u00f5es do seu beb\u00ea, com espa\u00e7os destinados a cartinhas, frases inspiradoras e&hellip;<\/p>\n","protected":false},"featured_media":344195,"comment_status":"open","ping_status":"closed","template":"","meta":[],"product_cat":[144,134],"product_tag":[],"_links":{"self":[{"href":"https:\/\/www.livrariarema.com.br\/loja\/wp-json\/wp\/v2\/product\/344196"}],"collection":[{"href":"https:\/\/www.livrariarema.com.br\/loja\/wp-json\/wp\/v2\/product"}],"about":[{"href":"https:\/\/www.livrariarema.com.br\/loja\/wp-json\/wp\/v2\/types\/product"}],"replies":[{"embeddable":true,"href":"https:\/\/www.livrariarema.com.br\/loja\/wp-json\/wp\/v2\/comments?post=344196"}],"wp:featuredmedia":[{"embeddable":true,"href":"https:\/\/www.livrariarema.com.br\/loja\/wp-json\/wp\/v2\/media\/344195"}],"wp:attachment":[{"href":"https:\/\/www.livrariarema.com.br\/loja\/wp-json\/wp\/v2\/media?parent=344196"}],"wp:term":[{"taxonomy":"product_cat","embeddable":true,"href":"https:\/\/www.livrariarema.com.br\/loja\/wp-json\/wp\/v2\/product_cat?post=344196"},{"taxonomy":"product_tag","embeddable":true,"href":"https:\/\/www.livrariarema.com.br\/loja\/wp-json\/wp\/v2\/product_tag?post=344196"}],"curies":[{"name":"wp","href":"https:\/\/api.w.org\/{rel}","templated":true}]}}