{"id":344217,"date":"2026-02-10T17:31:04","date_gmt":"2026-02-10T20:31:04","guid":{"rendered":"https:\/\/www.livrariarema.com.br\/loja\/produtos\/sem categoria\/escolinha-baby-montessori-contrastes-animais-do-oceano\/"},"modified":"2026-02-28T11:30:43","modified_gmt":"2026-02-28T14:30:43","slug":"escolinha-baby-montessori-contrastes-animais-do-oceano","status":"publish","type":"product","link":"https:\/\/www.livrariarema.com.br\/loja\/produtos\/livros\/infantil\/escolinha-baby-montessori-contrastes-animais-do-oceano\/","title":{"rendered":"Escolinha Baby Montessori &#8211; Contrastes &#8211; Animais Do Oceano"},"content":{"rendered":"<p>Os animais do oceano s\u00e3o incr\u00edveis! Vamos juntos identific\u00e1-los nas p\u00e1ginas deste livro inspirado no M\u00c9TODO MONTESSORI. A crian\u00e7a pode observar as imagens em preto e branco, descobrir os detalhes sutis em vermelho e come\u00e7ar a explorar o mundo!<\/p>\n","protected":false},"excerpt":{"rendered":"<p>Os animais do oceano s\u00e3o incr\u00edveis! Vamos juntos identific\u00e1-los nas p\u00e1ginas deste livro inspirado no M\u00c9TODO MONTESSORI. A crian\u00e7a pode&hellip;<\/p>\n","protected":false},"featured_media":344216,"comment_status":"open","ping_status":"closed","template":"","meta":[],"product_cat":[144,134],"product_tag":[],"_links":{"self":[{"href":"https:\/\/www.livrariarema.com.br\/loja\/wp-json\/wp\/v2\/product\/344217"}],"collection":[{"href":"https:\/\/www.livrariarema.com.br\/loja\/wp-json\/wp\/v2\/product"}],"about":[{"href":"https:\/\/www.livrariarema.com.br\/loja\/wp-json\/wp\/v2\/types\/product"}],"replies":[{"embeddable":true,"href":"https:\/\/www.livrariarema.com.br\/loja\/wp-json\/wp\/v2\/comments?post=344217"}],"wp:featuredmedia":[{"embeddable":true,"href":"https:\/\/www.livrariarema.com.br\/loja\/wp-json\/wp\/v2\/media\/344216"}],"wp:attachment":[{"href":"https:\/\/www.livrariarema.com.br\/loja\/wp-json\/wp\/v2\/media?parent=344217"}],"wp:term":[{"taxonomy":"product_cat","embeddable":true,"href":"https:\/\/www.livrariarema.com.br\/loja\/wp-json\/wp\/v2\/product_cat?post=344217"},{"taxonomy":"product_tag","embeddable":true,"href":"https:\/\/www.livrariarema.com.br\/loja\/wp-json\/wp\/v2\/product_tag?post=344217"}],"curies":[{"name":"wp","href":"https:\/\/api.w.org\/{rel}","templated":true}]}}