{"id":344221,"date":"2026-02-10T17:31:14","date_gmt":"2026-02-10T20:31:14","guid":{"rendered":"https:\/\/www.livrariarema.com.br\/loja\/produtos\/sem categoria\/escolinha-baby-montessori-contrastes-veiculos\/"},"modified":"2026-02-28T11:31:00","modified_gmt":"2026-02-28T14:31:00","slug":"escolinha-baby-montessori-contrastes-veiculos","status":"publish","type":"product","link":"https:\/\/www.livrariarema.com.br\/loja\/produtos\/livros\/infantil\/escolinha-baby-montessori-contrastes-veiculos\/","title":{"rendered":"Escolinha Baby Montessori &#8211; Contrastes &#8211; Ve\u00edculos"},"content":{"rendered":"<p>Avi\u00f5es, barcos, carros e bicicletas, escolha o seu! Vamos juntos identific\u00e1-los nas p\u00e1ginas deste livro inspirado no M\u00c9TODO MONTESSORI. A crian\u00e7a pode observar as imagens em preto e branco, descobrir os detalhes sutis em vermelho e come\u00e7ar a explorar o mundo!<\/p>\n","protected":false},"excerpt":{"rendered":"<p>Avi\u00f5es, barcos, carros e bicicletas, escolha o seu! Vamos juntos identific\u00e1-los nas p\u00e1ginas deste livro inspirado no M\u00c9TODO MONTESSORI. A&hellip;<\/p>\n","protected":false},"featured_media":344220,"comment_status":"open","ping_status":"closed","template":"","meta":[],"product_cat":[144,134],"product_tag":[],"_links":{"self":[{"href":"https:\/\/www.livrariarema.com.br\/loja\/wp-json\/wp\/v2\/product\/344221"}],"collection":[{"href":"https:\/\/www.livrariarema.com.br\/loja\/wp-json\/wp\/v2\/product"}],"about":[{"href":"https:\/\/www.livrariarema.com.br\/loja\/wp-json\/wp\/v2\/types\/product"}],"replies":[{"embeddable":true,"href":"https:\/\/www.livrariarema.com.br\/loja\/wp-json\/wp\/v2\/comments?post=344221"}],"wp:featuredmedia":[{"embeddable":true,"href":"https:\/\/www.livrariarema.com.br\/loja\/wp-json\/wp\/v2\/media\/344220"}],"wp:attachment":[{"href":"https:\/\/www.livrariarema.com.br\/loja\/wp-json\/wp\/v2\/media?parent=344221"}],"wp:term":[{"taxonomy":"product_cat","embeddable":true,"href":"https:\/\/www.livrariarema.com.br\/loja\/wp-json\/wp\/v2\/product_cat?post=344221"},{"taxonomy":"product_tag","embeddable":true,"href":"https:\/\/www.livrariarema.com.br\/loja\/wp-json\/wp\/v2\/product_tag?post=344221"}],"curies":[{"name":"wp","href":"https:\/\/api.w.org\/{rel}","templated":true}]}}