{"id":344224,"date":"2026-02-10T17:31:46","date_gmt":"2026-02-10T20:31:46","guid":{"rendered":"https:\/\/www.livrariarema.com.br\/loja\/produtos\/sem categoria\/200-perguntas-e-respostas-animais\/"},"modified":"2026-02-10T17:31:50","modified_gmt":"2026-02-10T20:31:50","slug":"200-perguntas-e-respostas-animais","status":"publish","type":"product","link":"https:\/\/www.livrariarema.com.br\/loja\/produtos\/livros\/infantil\/200-perguntas-e-respostas-animais\/","title":{"rendered":"200 Perguntas E Respostas: Animais"},"content":{"rendered":"<p>Por que os castores fazem represas? Por que os tigres t\u00eam pelo listrado? Por que os lobos uivam \u00e0 noite? Este livro responde a 200 das perguntas mais imprevis\u00edveis e curiosas que se pode fazer sobre os animais. Viajando das savanas \u00e0s florestas, dos desertos quentes aos polos gelados, as crian\u00e7as v\u00e3o se divertir descobrindo peculiaridades, curiosidades e esquisitices do mundo animal e encontrar\u00e3o, de uma vez por todas, as respostas para seus in\u00fameros porqu\u00eas.<\/p>\n","protected":false},"excerpt":{"rendered":"<p>Por que os castores fazem represas? Por que os tigres t\u00eam pelo listrado? Por que os lobos uivam \u00e0 noite?&hellip;<\/p>\n","protected":false},"featured_media":344223,"comment_status":"open","ping_status":"closed","template":"","meta":[],"product_cat":[144,134],"product_tag":[],"_links":{"self":[{"href":"https:\/\/www.livrariarema.com.br\/loja\/wp-json\/wp\/v2\/product\/344224"}],"collection":[{"href":"https:\/\/www.livrariarema.com.br\/loja\/wp-json\/wp\/v2\/product"}],"about":[{"href":"https:\/\/www.livrariarema.com.br\/loja\/wp-json\/wp\/v2\/types\/product"}],"replies":[{"embeddable":true,"href":"https:\/\/www.livrariarema.com.br\/loja\/wp-json\/wp\/v2\/comments?post=344224"}],"wp:featuredmedia":[{"embeddable":true,"href":"https:\/\/www.livrariarema.com.br\/loja\/wp-json\/wp\/v2\/media\/344223"}],"wp:attachment":[{"href":"https:\/\/www.livrariarema.com.br\/loja\/wp-json\/wp\/v2\/media?parent=344224"}],"wp:term":[{"taxonomy":"product_cat","embeddable":true,"href":"https:\/\/www.livrariarema.com.br\/loja\/wp-json\/wp\/v2\/product_cat?post=344224"},{"taxonomy":"product_tag","embeddable":true,"href":"https:\/\/www.livrariarema.com.br\/loja\/wp-json\/wp\/v2\/product_tag?post=344224"}],"curies":[{"name":"wp","href":"https:\/\/api.w.org\/{rel}","templated":true}]}}