{"id":344226,"date":"2026-02-10T17:31:55","date_gmt":"2026-02-10T20:31:55","guid":{"rendered":"https:\/\/www.livrariarema.com.br\/loja\/produtos\/sem categoria\/escolinha-livro-com-domino-pets\/"},"modified":"2026-02-10T17:31:59","modified_gmt":"2026-02-10T20:31:59","slug":"escolinha-livro-com-domino-pets","status":"publish","type":"product","link":"https:\/\/www.livrariarema.com.br\/loja\/produtos\/livros\/infantil\/escolinha-livro-com-domino-pets\/","title":{"rendered":"Escolinha &#8211; Livro Com Domin\u00f3 &#8211; Pets"},"content":{"rendered":"<p>De forma significativa e colaborativa, observe e aprenda sobre as caracter\u00edsticas, as cores e os habitats dos animais. Reunindo temas fundamentais, esta obra proporciona conhecimento e memoriza\u00e7\u00e3o. Al\u00e9m disso, estimula o desenvolvimento das habilidades cognitivas e num\u00e9ricas de forma l\u00fadico-did\u00e1tica.<\/p>\n","protected":false},"excerpt":{"rendered":"<p>De forma significativa e colaborativa, observe e aprenda sobre as caracter\u00edsticas, as cores e os habitats dos animais. Reunindo temas&hellip;<\/p>\n","protected":false},"featured_media":344225,"comment_status":"open","ping_status":"closed","template":"","meta":[],"product_cat":[144,134],"product_tag":[],"_links":{"self":[{"href":"https:\/\/www.livrariarema.com.br\/loja\/wp-json\/wp\/v2\/product\/344226"}],"collection":[{"href":"https:\/\/www.livrariarema.com.br\/loja\/wp-json\/wp\/v2\/product"}],"about":[{"href":"https:\/\/www.livrariarema.com.br\/loja\/wp-json\/wp\/v2\/types\/product"}],"replies":[{"embeddable":true,"href":"https:\/\/www.livrariarema.com.br\/loja\/wp-json\/wp\/v2\/comments?post=344226"}],"wp:featuredmedia":[{"embeddable":true,"href":"https:\/\/www.livrariarema.com.br\/loja\/wp-json\/wp\/v2\/media\/344225"}],"wp:attachment":[{"href":"https:\/\/www.livrariarema.com.br\/loja\/wp-json\/wp\/v2\/media?parent=344226"}],"wp:term":[{"taxonomy":"product_cat","embeddable":true,"href":"https:\/\/www.livrariarema.com.br\/loja\/wp-json\/wp\/v2\/product_cat?post=344226"},{"taxonomy":"product_tag","embeddable":true,"href":"https:\/\/www.livrariarema.com.br\/loja\/wp-json\/wp\/v2\/product_tag?post=344226"}],"curies":[{"name":"wp","href":"https:\/\/api.w.org\/{rel}","templated":true}]}}