{"id":344234,"date":"2026-02-10T17:32:33","date_gmt":"2026-02-10T20:32:33","guid":{"rendered":"https:\/\/www.livrariarema.com.br\/loja\/produtos\/sem categoria\/meu-livro-fofinho-meu-primeiro-livro-de-oracoes\/"},"modified":"2026-04-07T14:00:31","modified_gmt":"2026-04-07T17:00:31","slug":"meu-livro-fofinho-meu-primeiro-livro-de-oracoes","status":"publish","type":"product","link":"https:\/\/www.livrariarema.com.br\/loja\/produtos\/livros\/infantil\/meu-livro-fofinho-meu-primeiro-livro-de-oracoes\/","title":{"rendered":"Meu Livro Fofinho: Meu Primeiro Livro De Ora\u00e7\u00f5es"},"content":{"rendered":"<p>Deus tem prazer em ouvir a ora\u00e7\u00e3o sincera de uma crian\u00e7a. \u00c9 durante a inf\u00e2ncia que o cora\u00e7\u00e3o est\u00e1 mais aberto ao seu amor. As ora\u00e7\u00f5es simples e cativantes despertam na crian\u00e7a sentimentos de f\u00e9 e confian\u00e7a, gratid\u00e3o e louvor e a descoberta do amor divino. Este belo livrinho, delicadamente ilustrado, encoraja a crian\u00e7a a buscar seus primeiros di\u00e1logos com Deus e aprofundar seus la\u00e7os orando em fam\u00edlia.<\/p>\n","protected":false},"excerpt":{"rendered":"<p>Deus tem prazer em ouvir a ora\u00e7\u00e3o sincera de uma crian\u00e7a. \u00c9 durante a inf\u00e2ncia que o cora\u00e7\u00e3o est\u00e1 mais&hellip;<\/p>\n","protected":false},"featured_media":344233,"comment_status":"open","ping_status":"closed","template":"","meta":[],"product_cat":[144,134],"product_tag":[],"_links":{"self":[{"href":"https:\/\/www.livrariarema.com.br\/loja\/wp-json\/wp\/v2\/product\/344234"}],"collection":[{"href":"https:\/\/www.livrariarema.com.br\/loja\/wp-json\/wp\/v2\/product"}],"about":[{"href":"https:\/\/www.livrariarema.com.br\/loja\/wp-json\/wp\/v2\/types\/product"}],"replies":[{"embeddable":true,"href":"https:\/\/www.livrariarema.com.br\/loja\/wp-json\/wp\/v2\/comments?post=344234"}],"wp:featuredmedia":[{"embeddable":true,"href":"https:\/\/www.livrariarema.com.br\/loja\/wp-json\/wp\/v2\/media\/344233"}],"wp:attachment":[{"href":"https:\/\/www.livrariarema.com.br\/loja\/wp-json\/wp\/v2\/media?parent=344234"}],"wp:term":[{"taxonomy":"product_cat","embeddable":true,"href":"https:\/\/www.livrariarema.com.br\/loja\/wp-json\/wp\/v2\/product_cat?post=344234"},{"taxonomy":"product_tag","embeddable":true,"href":"https:\/\/www.livrariarema.com.br\/loja\/wp-json\/wp\/v2\/product_tag?post=344234"}],"curies":[{"name":"wp","href":"https:\/\/api.w.org\/{rel}","templated":true}]}}