{"id":344243,"date":"2026-02-10T17:33:32","date_gmt":"2026-02-10T20:33:32","guid":{"rendered":"https:\/\/www.livrariarema.com.br\/loja\/produtos\/sem categoria\/momentos-de-ternura-meu-papai-meu-heroi\/"},"modified":"2026-03-31T13:30:33","modified_gmt":"2026-03-31T16:30:33","slug":"momentos-de-ternura-meu-papai-meu-heroi","status":"publish","type":"product","link":"https:\/\/www.livrariarema.com.br\/loja\/produtos\/livros\/infantil\/momentos-de-ternura-meu-papai-meu-heroi\/","title":{"rendered":"Momentos De Ternura: Meu Papai, Meu Her\u00f3i"},"content":{"rendered":"<p>Esta cole\u00e7\u00e3o, encantadoramente ilustrada, apresenta narrativas simples sobre temas essenciais (Deus, fam\u00edlia e amigos). A partir do ponto de vista de um ador\u00e1vel ursinho, ela aproxima o pequeno leitor do Criador.<\/p>\n","protected":false},"excerpt":{"rendered":"<p>Esta cole\u00e7\u00e3o, encantadoramente ilustrada, apresenta narrativas simples sobre temas essenciais (Deus, fam\u00edlia e amigos). A partir do ponto de vista&hellip;<\/p>\n","protected":false},"featured_media":344242,"comment_status":"open","ping_status":"closed","template":"","meta":[],"product_cat":[144,134],"product_tag":[],"_links":{"self":[{"href":"https:\/\/www.livrariarema.com.br\/loja\/wp-json\/wp\/v2\/product\/344243"}],"collection":[{"href":"https:\/\/www.livrariarema.com.br\/loja\/wp-json\/wp\/v2\/product"}],"about":[{"href":"https:\/\/www.livrariarema.com.br\/loja\/wp-json\/wp\/v2\/types\/product"}],"replies":[{"embeddable":true,"href":"https:\/\/www.livrariarema.com.br\/loja\/wp-json\/wp\/v2\/comments?post=344243"}],"wp:featuredmedia":[{"embeddable":true,"href":"https:\/\/www.livrariarema.com.br\/loja\/wp-json\/wp\/v2\/media\/344242"}],"wp:attachment":[{"href":"https:\/\/www.livrariarema.com.br\/loja\/wp-json\/wp\/v2\/media?parent=344243"}],"wp:term":[{"taxonomy":"product_cat","embeddable":true,"href":"https:\/\/www.livrariarema.com.br\/loja\/wp-json\/wp\/v2\/product_cat?post=344243"},{"taxonomy":"product_tag","embeddable":true,"href":"https:\/\/www.livrariarema.com.br\/loja\/wp-json\/wp\/v2\/product_tag?post=344243"}],"curies":[{"name":"wp","href":"https:\/\/api.w.org\/{rel}","templated":true}]}}