{"id":344245,"date":"2026-02-10T17:33:40","date_gmt":"2026-02-10T20:33:40","guid":{"rendered":"https:\/\/www.livrariarema.com.br\/loja\/produtos\/sem categoria\/momentos-de-ternura-meus-melhores-amigos\/"},"modified":"2026-02-21T11:42:32","modified_gmt":"2026-02-21T14:42:32","slug":"momentos-de-ternura-meus-melhores-amigos","status":"publish","type":"product","link":"https:\/\/www.livrariarema.com.br\/loja\/produtos\/livros\/infantil\/momentos-de-ternura-meus-melhores-amigos\/","title":{"rendered":"Momentos De Ternura: Meus Melhores Amigos"},"content":{"rendered":"<p>Esta cole\u00e7\u00e3o, encantadoramente ilustrada, apresenta narrativas simples sobre temas essenciais (Deus, fam\u00edlia e amigos). A partir do ponto de vista de um ador\u00e1vel ursinho, ela aproxima o pequeno leitor do Criador.<\/p>\n","protected":false},"excerpt":{"rendered":"<p>Esta cole\u00e7\u00e3o, encantadoramente ilustrada, apresenta narrativas simples sobre temas essenciais (Deus, fam\u00edlia e amigos). A partir do ponto de vista&hellip;<\/p>\n","protected":false},"featured_media":344244,"comment_status":"open","ping_status":"closed","template":"","meta":[],"product_cat":[144,134],"product_tag":[],"_links":{"self":[{"href":"https:\/\/www.livrariarema.com.br\/loja\/wp-json\/wp\/v2\/product\/344245"}],"collection":[{"href":"https:\/\/www.livrariarema.com.br\/loja\/wp-json\/wp\/v2\/product"}],"about":[{"href":"https:\/\/www.livrariarema.com.br\/loja\/wp-json\/wp\/v2\/types\/product"}],"replies":[{"embeddable":true,"href":"https:\/\/www.livrariarema.com.br\/loja\/wp-json\/wp\/v2\/comments?post=344245"}],"wp:featuredmedia":[{"embeddable":true,"href":"https:\/\/www.livrariarema.com.br\/loja\/wp-json\/wp\/v2\/media\/344244"}],"wp:attachment":[{"href":"https:\/\/www.livrariarema.com.br\/loja\/wp-json\/wp\/v2\/media?parent=344245"}],"wp:term":[{"taxonomy":"product_cat","embeddable":true,"href":"https:\/\/www.livrariarema.com.br\/loja\/wp-json\/wp\/v2\/product_cat?post=344245"},{"taxonomy":"product_tag","embeddable":true,"href":"https:\/\/www.livrariarema.com.br\/loja\/wp-json\/wp\/v2\/product_tag?post=344245"}],"curies":[{"name":"wp","href":"https:\/\/api.w.org\/{rel}","templated":true}]}}