{"id":344352,"date":"2026-02-11T14:00:42","date_gmt":"2026-02-11T17:00:42","guid":{"rendered":"https:\/\/www.livrariarema.com.br\/loja\/produtos\/sem categoria\/pollyanna-suelen-katerine-a-santos\/"},"modified":"2026-02-11T14:00:45","modified_gmt":"2026-02-11T17:00:45","slug":"pollyanna-suelen-katerine-a-santos","status":"publish","type":"product","link":"https:\/\/www.livrariarema.com.br\/loja\/produtos\/livros\/infantil\/pollyanna-suelen-katerine-a-santos\/","title":{"rendered":"Pollyanna &#8211; Suelen Katerine A. Santos"},"content":{"rendered":"<p>A casa da Srta. Polly Harrington e sua pequena cidade nunca mais ser\u00e3o as mesmas depois da chegada de Pollyanna. Por influ\u00eancia da menina e do seu incr\u00edvel &#8220;Jogo do Contente&#8221;, as pessoas se tornam mais am\u00e1veis. O otimismo contagiante e a postura de Pollyanna diante dos desafios que a vida lhe proporciona v\u00e3o surpreender e contagiar o cora\u00e7\u00e3o de todos aqueles que se propuserem a conhecer e viver a sua hist\u00f3ria.<\/p>\n","protected":false},"excerpt":{"rendered":"<p>A casa da Srta. Polly Harrington e sua pequena cidade nunca mais ser\u00e3o as mesmas depois da chegada de Pollyanna.&hellip;<\/p>\n","protected":false},"featured_media":344351,"comment_status":"open","ping_status":"closed","template":"","meta":[],"product_cat":[144,134],"product_tag":[],"_links":{"self":[{"href":"https:\/\/www.livrariarema.com.br\/loja\/wp-json\/wp\/v2\/product\/344352"}],"collection":[{"href":"https:\/\/www.livrariarema.com.br\/loja\/wp-json\/wp\/v2\/product"}],"about":[{"href":"https:\/\/www.livrariarema.com.br\/loja\/wp-json\/wp\/v2\/types\/product"}],"replies":[{"embeddable":true,"href":"https:\/\/www.livrariarema.com.br\/loja\/wp-json\/wp\/v2\/comments?post=344352"}],"wp:featuredmedia":[{"embeddable":true,"href":"https:\/\/www.livrariarema.com.br\/loja\/wp-json\/wp\/v2\/media\/344351"}],"wp:attachment":[{"href":"https:\/\/www.livrariarema.com.br\/loja\/wp-json\/wp\/v2\/media?parent=344352"}],"wp:term":[{"taxonomy":"product_cat","embeddable":true,"href":"https:\/\/www.livrariarema.com.br\/loja\/wp-json\/wp\/v2\/product_cat?post=344352"},{"taxonomy":"product_tag","embeddable":true,"href":"https:\/\/www.livrariarema.com.br\/loja\/wp-json\/wp\/v2\/product_tag?post=344352"}],"curies":[{"name":"wp","href":"https:\/\/api.w.org\/{rel}","templated":true}]}}