{"id":344370,"date":"2026-02-11T14:15:33","date_gmt":"2026-02-11T17:15:33","guid":{"rendered":"https:\/\/www.livrariarema.com.br\/loja\/produtos\/sem categoria\/livro-dedoche-luvinha-dedoche-arca-de-noe\/"},"modified":"2026-03-20T10:20:56","modified_gmt":"2026-03-20T13:20:56","slug":"livro-dedoche-luvinha-dedoche-arca-de-noe","status":"publish","type":"product","link":"https:\/\/www.livrariarema.com.br\/loja\/produtos\/livros\/infantil\/livro-dedoche-luvinha-dedoche-arca-de-noe\/","title":{"rendered":"Livro Dedoche &#8211; Luvinha Dedoche: Arca De No\u00e9"},"content":{"rendered":"<p>As crian\u00e7as ir\u00e3o amar conhecer e interagir com os personagens, com estes livros de belas narrativas escritas em uma linguagem simples. Com um dedoche, em cada dedo, elas poder\u00e3o dar vida \u00e0 hist\u00f3ria e se divertir a valer.<\/p>\n","protected":false},"excerpt":{"rendered":"<p>As crian\u00e7as ir\u00e3o amar conhecer e interagir com os personagens, com estes livros de belas narrativas escritas em uma linguagem&hellip;<\/p>\n","protected":false},"featured_media":344369,"comment_status":"open","ping_status":"closed","template":"","meta":[],"product_cat":[144,134],"product_tag":[],"_links":{"self":[{"href":"https:\/\/www.livrariarema.com.br\/loja\/wp-json\/wp\/v2\/product\/344370"}],"collection":[{"href":"https:\/\/www.livrariarema.com.br\/loja\/wp-json\/wp\/v2\/product"}],"about":[{"href":"https:\/\/www.livrariarema.com.br\/loja\/wp-json\/wp\/v2\/types\/product"}],"replies":[{"embeddable":true,"href":"https:\/\/www.livrariarema.com.br\/loja\/wp-json\/wp\/v2\/comments?post=344370"}],"wp:featuredmedia":[{"embeddable":true,"href":"https:\/\/www.livrariarema.com.br\/loja\/wp-json\/wp\/v2\/media\/344369"}],"wp:attachment":[{"href":"https:\/\/www.livrariarema.com.br\/loja\/wp-json\/wp\/v2\/media?parent=344370"}],"wp:term":[{"taxonomy":"product_cat","embeddable":true,"href":"https:\/\/www.livrariarema.com.br\/loja\/wp-json\/wp\/v2\/product_cat?post=344370"},{"taxonomy":"product_tag","embeddable":true,"href":"https:\/\/www.livrariarema.com.br\/loja\/wp-json\/wp\/v2\/product_tag?post=344370"}],"curies":[{"name":"wp","href":"https:\/\/api.w.org\/{rel}","templated":true}]}}