{"id":344373,"date":"2026-02-11T14:15:46","date_gmt":"2026-02-11T17:15:46","guid":{"rendered":"https:\/\/www.livrariarema.com.br\/loja\/produtos\/sem categoria\/livro-piano-cantando-com-jesus-7-cancoes-para-tocar-e-louvar\/"},"modified":"2026-02-21T10:50:41","modified_gmt":"2026-02-21T13:50:41","slug":"livro-piano-cantando-com-jesus-7-cancoes-para-tocar-e-louvar","status":"publish","type":"product","link":"https:\/\/www.livrariarema.com.br\/loja\/produtos\/livros\/infantil\/livro-piano-cantando-com-jesus-7-cancoes-para-tocar-e-louvar\/","title":{"rendered":"Livro-Piano &#8211; Cantando Com Jesus &#8211; 7 Can\u00e7\u00f5es Para Tocar E Louvar"},"content":{"rendered":"<p>Descubra a alegria de tocar e cantar suas can\u00e7\u00f5es crist\u00e3s favoritas com este livro com teclado! Perfeito para crian\u00e7as, jovens e toda a fam\u00edlia que deseja experimentar a m\u00fasica de maneira pr\u00e1tica e inspiradora!<\/p>\n","protected":false},"excerpt":{"rendered":"<p>Descubra a alegria de tocar e cantar suas can\u00e7\u00f5es crist\u00e3s favoritas com este livro com teclado! Perfeito para crian\u00e7as, jovens&hellip;<\/p>\n","protected":false},"featured_media":344372,"comment_status":"open","ping_status":"closed","template":"","meta":[],"product_cat":[144,134],"product_tag":[],"_links":{"self":[{"href":"https:\/\/www.livrariarema.com.br\/loja\/wp-json\/wp\/v2\/product\/344373"}],"collection":[{"href":"https:\/\/www.livrariarema.com.br\/loja\/wp-json\/wp\/v2\/product"}],"about":[{"href":"https:\/\/www.livrariarema.com.br\/loja\/wp-json\/wp\/v2\/types\/product"}],"replies":[{"embeddable":true,"href":"https:\/\/www.livrariarema.com.br\/loja\/wp-json\/wp\/v2\/comments?post=344373"}],"wp:featuredmedia":[{"embeddable":true,"href":"https:\/\/www.livrariarema.com.br\/loja\/wp-json\/wp\/v2\/media\/344372"}],"wp:attachment":[{"href":"https:\/\/www.livrariarema.com.br\/loja\/wp-json\/wp\/v2\/media?parent=344373"}],"wp:term":[{"taxonomy":"product_cat","embeddable":true,"href":"https:\/\/www.livrariarema.com.br\/loja\/wp-json\/wp\/v2\/product_cat?post=344373"},{"taxonomy":"product_tag","embeddable":true,"href":"https:\/\/www.livrariarema.com.br\/loja\/wp-json\/wp\/v2\/product_tag?post=344373"}],"curies":[{"name":"wp","href":"https:\/\/api.w.org\/{rel}","templated":true}]}}