{"id":344387,"date":"2026-02-11T14:18:12","date_gmt":"2026-02-11T17:18:12","guid":{"rendered":"https:\/\/www.livrariarema.com.br\/loja\/produtos\/sem categoria\/descobrindo-valores-generosidade\/"},"modified":"2026-02-28T11:34:15","modified_gmt":"2026-02-28T14:34:15","slug":"descobrindo-valores-generosidade","status":"publish","type":"product","link":"https:\/\/www.livrariarema.com.br\/loja\/produtos\/livros\/infantil\/descobrindo-valores-generosidade\/","title":{"rendered":"Descobrindo Valores &#8211; Generosidade"},"content":{"rendered":"<p>Nesta bel\u00edssima e delicada cole\u00e7\u00e3o, os personagens Sarah e Sam vivenciam situa\u00e7\u00f5es do cotidiano das crian\u00e7as que exemplificam comportamentos e posturas adequados \u00e0 vida social. Elas tamb\u00e9m auxiliam a estruturar uma forma\u00e7\u00e3o voltada ao coletivo, ao respeito pelo pr\u00f3ximo e, sobretudo, \u00e0 valoriza\u00e7\u00e3o de si mesmo. As crian\u00e7as ficar\u00e3o encantadas com esta nova experi\u00eancia que as ajudar\u00e1 a assimilar conceitos e atitudes. Uma obra concebida para a fam\u00edlia, servindo de apoio ao importante trabalho de educar para a vida.<\/p>\n","protected":false},"excerpt":{"rendered":"<p>Nesta bel\u00edssima e delicada cole\u00e7\u00e3o, os personagens Sarah e Sam vivenciam situa\u00e7\u00f5es do cotidiano das crian\u00e7as que exemplificam comportamentos e&hellip;<\/p>\n","protected":false},"featured_media":344386,"comment_status":"open","ping_status":"closed","template":"","meta":[],"product_cat":[144,134],"product_tag":[],"_links":{"self":[{"href":"https:\/\/www.livrariarema.com.br\/loja\/wp-json\/wp\/v2\/product\/344387"}],"collection":[{"href":"https:\/\/www.livrariarema.com.br\/loja\/wp-json\/wp\/v2\/product"}],"about":[{"href":"https:\/\/www.livrariarema.com.br\/loja\/wp-json\/wp\/v2\/types\/product"}],"replies":[{"embeddable":true,"href":"https:\/\/www.livrariarema.com.br\/loja\/wp-json\/wp\/v2\/comments?post=344387"}],"wp:featuredmedia":[{"embeddable":true,"href":"https:\/\/www.livrariarema.com.br\/loja\/wp-json\/wp\/v2\/media\/344386"}],"wp:attachment":[{"href":"https:\/\/www.livrariarema.com.br\/loja\/wp-json\/wp\/v2\/media?parent=344387"}],"wp:term":[{"taxonomy":"product_cat","embeddable":true,"href":"https:\/\/www.livrariarema.com.br\/loja\/wp-json\/wp\/v2\/product_cat?post=344387"},{"taxonomy":"product_tag","embeddable":true,"href":"https:\/\/www.livrariarema.com.br\/loja\/wp-json\/wp\/v2\/product_tag?post=344387"}],"curies":[{"name":"wp","href":"https:\/\/api.w.org\/{rel}","templated":true}]}}