{"id":344426,"date":"2026-02-11T14:22:31","date_gmt":"2026-02-11T17:22:31","guid":{"rendered":"https:\/\/www.livrariarema.com.br\/loja\/produtos\/sem categoria\/livro-sonoro-aventuras-biblicas-daniel-e-os-leoes\/"},"modified":"2026-03-23T13:42:53","modified_gmt":"2026-03-23T16:42:53","slug":"livro-sonoro-aventuras-biblicas-daniel-e-os-leoes","status":"publish","type":"product","link":"https:\/\/www.livrariarema.com.br\/loja\/produtos\/livros\/infantil\/livro-sonoro-aventuras-biblicas-daniel-e-os-leoes\/","title":{"rendered":"Livro Sonoro &#8211; Aventuras B\u00edblicas: Daniel E Os Le\u00f5es"},"content":{"rendered":"<p>Com este livro sonoro, d\u00ea vida a uma das mais belas hist\u00f3rias da B\u00edblia. Leia cada p\u00e1gina, aprecie as ilustra\u00e7\u00f5es e, depois, aperte o bot\u00e3o correspondente para ouvir belas melodias.<\/p>\n","protected":false},"excerpt":{"rendered":"<p>Com este livro sonoro, d\u00ea vida a uma das mais belas hist\u00f3rias da B\u00edblia. Leia cada p\u00e1gina, aprecie as ilustra\u00e7\u00f5es&hellip;<\/p>\n","protected":false},"featured_media":344425,"comment_status":"open","ping_status":"closed","template":"","meta":[],"product_cat":[144,134],"product_tag":[],"_links":{"self":[{"href":"https:\/\/www.livrariarema.com.br\/loja\/wp-json\/wp\/v2\/product\/344426"}],"collection":[{"href":"https:\/\/www.livrariarema.com.br\/loja\/wp-json\/wp\/v2\/product"}],"about":[{"href":"https:\/\/www.livrariarema.com.br\/loja\/wp-json\/wp\/v2\/types\/product"}],"replies":[{"embeddable":true,"href":"https:\/\/www.livrariarema.com.br\/loja\/wp-json\/wp\/v2\/comments?post=344426"}],"wp:featuredmedia":[{"embeddable":true,"href":"https:\/\/www.livrariarema.com.br\/loja\/wp-json\/wp\/v2\/media\/344425"}],"wp:attachment":[{"href":"https:\/\/www.livrariarema.com.br\/loja\/wp-json\/wp\/v2\/media?parent=344426"}],"wp:term":[{"taxonomy":"product_cat","embeddable":true,"href":"https:\/\/www.livrariarema.com.br\/loja\/wp-json\/wp\/v2\/product_cat?post=344426"},{"taxonomy":"product_tag","embeddable":true,"href":"https:\/\/www.livrariarema.com.br\/loja\/wp-json\/wp\/v2\/product_tag?post=344426"}],"curies":[{"name":"wp","href":"https:\/\/api.w.org\/{rel}","templated":true}]}}