{"id":344488,"date":"2026-02-11T14:29:21","date_gmt":"2026-02-11T17:29:21","guid":{"rendered":"https:\/\/www.livrariarema.com.br\/loja\/produtos\/sem categoria\/pintura-com-diamantes-mundo-encantado\/"},"modified":"2026-03-14T09:20:36","modified_gmt":"2026-03-14T12:20:36","slug":"pintura-com-diamantes-mundo-encantado","status":"publish","type":"product","link":"https:\/\/www.livrariarema.com.br\/loja\/produtos\/livros\/infantil\/pintura-com-diamantes-mundo-encantado\/","title":{"rendered":"Pintura Com Diamantes &#8211; Mundo Encantado"},"content":{"rendered":"<p>Descubra os benef\u00edcios da pintura com diamantes:  Promove a sensa\u00e7\u00e3o de realiza\u00e7\u00e3o e orgulho, contribuindo para desenvolver a autoestima  Estimula a concentra\u00e7\u00e3o, a aten\u00e7\u00e3o, a persist\u00eancia e a resili\u00eancia diante de desafios  Pode servir como uma forma de terapia ocupacional ou recreativa  Fomenta a express\u00e3o pessoal, emocional e a comunica\u00e7\u00e3o n\u00e3o verbal  Proporciona momentos de relaxamento e prazer  Promove a socializa\u00e7\u00e3o e o trabalho em equipe, se realizado em grupo  Proporciona uma sensa\u00e7\u00e3o de conex\u00e3o com a obra criada  Contribui para o desenvolvimento cognitivo e de novas t\u00e9cnicas e habilidades art\u00edsticas  Favorece a coordena\u00e7\u00e3o motora e a destreza manual  Aumenta a sensibilidade est\u00e9tica e a aprecia\u00e7\u00e3o pela arte  Estimula a criatividade e a imagina\u00e7\u00e3o  \u00c9 fonte de inspira\u00e7\u00e3o e motiva\u00e7\u00e3o para outras atividades criativas Resenha: Desperte a imagina\u00e7\u00e3o e a destreza manual com este Kit de Pintura com Diamantes. Mais do que uma simples atividade, \u00e9 uma jornada cativante repleta de benef\u00edcios para o desenvolvimento da crian\u00e7a.<\/p>\n","protected":false},"excerpt":{"rendered":"<p>Descubra os benef\u00edcios da pintura com diamantes: Promove a sensa\u00e7\u00e3o de realiza\u00e7\u00e3o e orgulho, contribuindo para desenvolver a autoestima Estimula&hellip;<\/p>\n","protected":false},"featured_media":344487,"comment_status":"open","ping_status":"closed","template":"","meta":[],"product_cat":[144,134],"product_tag":[],"_links":{"self":[{"href":"https:\/\/www.livrariarema.com.br\/loja\/wp-json\/wp\/v2\/product\/344488"}],"collection":[{"href":"https:\/\/www.livrariarema.com.br\/loja\/wp-json\/wp\/v2\/product"}],"about":[{"href":"https:\/\/www.livrariarema.com.br\/loja\/wp-json\/wp\/v2\/types\/product"}],"replies":[{"embeddable":true,"href":"https:\/\/www.livrariarema.com.br\/loja\/wp-json\/wp\/v2\/comments?post=344488"}],"wp:featuredmedia":[{"embeddable":true,"href":"https:\/\/www.livrariarema.com.br\/loja\/wp-json\/wp\/v2\/media\/344487"}],"wp:attachment":[{"href":"https:\/\/www.livrariarema.com.br\/loja\/wp-json\/wp\/v2\/media?parent=344488"}],"wp:term":[{"taxonomy":"product_cat","embeddable":true,"href":"https:\/\/www.livrariarema.com.br\/loja\/wp-json\/wp\/v2\/product_cat?post=344488"},{"taxonomy":"product_tag","embeddable":true,"href":"https:\/\/www.livrariarema.com.br\/loja\/wp-json\/wp\/v2\/product_tag?post=344488"}],"curies":[{"name":"wp","href":"https:\/\/api.w.org\/{rel}","templated":true}]}}