{"id":344521,"date":"2026-02-11T14:32:25","date_gmt":"2026-02-11T17:32:25","guid":{"rendered":"https:\/\/www.livrariarema.com.br\/loja\/produtos\/sem categoria\/olhinhos-doidinhos-atividades-adesivos-seres-do-mar\/"},"modified":"2026-02-11T14:32:27","modified_gmt":"2026-02-11T17:32:27","slug":"olhinhos-doidinhos-atividades-adesivos-seres-do-mar","status":"publish","type":"product","link":"https:\/\/www.livrariarema.com.br\/loja\/produtos\/livros\/infantil\/olhinhos-doidinhos-atividades-adesivos-seres-do-mar\/","title":{"rendered":"Olhinhos Doidinhos &#8211; Atividades &amp; Adesivos &#8211; Seres Do Mar"},"content":{"rendered":"<p>Um livro repleto de atividades m\u00e1gicas e com adesivos de olhos brilhantes e esbugalhados em 3D. Com ilustra\u00e7\u00f5es grandes, este livro encantador \u00e9 perfeito para envolver a mente da crian\u00e7a. Use os adesivos para decorar seus livros, suas coisas e o que voc\u00ea quiser!<\/p>\n","protected":false},"excerpt":{"rendered":"<p>Um livro repleto de atividades m\u00e1gicas e com adesivos de olhos brilhantes e esbugalhados em 3D. Com ilustra\u00e7\u00f5es grandes, este&hellip;<\/p>\n","protected":false},"featured_media":344520,"comment_status":"open","ping_status":"closed","template":"","meta":[],"product_cat":[144,134],"product_tag":[],"_links":{"self":[{"href":"https:\/\/www.livrariarema.com.br\/loja\/wp-json\/wp\/v2\/product\/344521"}],"collection":[{"href":"https:\/\/www.livrariarema.com.br\/loja\/wp-json\/wp\/v2\/product"}],"about":[{"href":"https:\/\/www.livrariarema.com.br\/loja\/wp-json\/wp\/v2\/types\/product"}],"replies":[{"embeddable":true,"href":"https:\/\/www.livrariarema.com.br\/loja\/wp-json\/wp\/v2\/comments?post=344521"}],"wp:featuredmedia":[{"embeddable":true,"href":"https:\/\/www.livrariarema.com.br\/loja\/wp-json\/wp\/v2\/media\/344520"}],"wp:attachment":[{"href":"https:\/\/www.livrariarema.com.br\/loja\/wp-json\/wp\/v2\/media?parent=344521"}],"wp:term":[{"taxonomy":"product_cat","embeddable":true,"href":"https:\/\/www.livrariarema.com.br\/loja\/wp-json\/wp\/v2\/product_cat?post=344521"},{"taxonomy":"product_tag","embeddable":true,"href":"https:\/\/www.livrariarema.com.br\/loja\/wp-json\/wp\/v2\/product_tag?post=344521"}],"curies":[{"name":"wp","href":"https:\/\/api.w.org\/{rel}","templated":true}]}}