{"id":344544,"date":"2026-02-11T14:34:49","date_gmt":"2026-02-11T17:34:49","guid":{"rendered":"https:\/\/www.livrariarema.com.br\/loja\/produtos\/sem categoria\/mini-livro-moises\/"},"modified":"2026-04-02T16:40:56","modified_gmt":"2026-04-02T19:40:56","slug":"mini-livro-moises","status":"publish","type":"product","link":"https:\/\/www.livrariarema.com.br\/loja\/produtos\/livros\/infantil\/mini-livro-moises\/","title":{"rendered":"Mini Livro &#8211; Mois\u00e9s"},"content":{"rendered":"<p>Leia as mais lindas hist\u00f3rias da b\u00edblia com uma linguagem f\u00e1cil e com ilustra\u00e7\u00f5es maravilhosas que proporcionam aos pequenos ensinamentos valiosos.<\/p>\n<p>A Cole\u00e7\u00e3o Mini B\u00edblicos da TodoLivro \u00e9 uma cole\u00e7\u00e3o com incr\u00edveis 22 hist\u00f3rias da B\u00edblia.<br \/>\nEntre elas temos:<\/p>\n<p> Sans\u00e3o;<br \/>\n Par\u00e1bolas de Jesus;<br \/>\n Jonas;<br \/>\n Mois\u00e9s;<br \/>\n Josu\u00e9;<br \/>\n Daniel e os le\u00f5es;<br \/>\n No\u00e9;<br \/>\n Davi e Golias;<br \/>\n A cria\u00e7\u00e3o;<br \/>\nE muito mais!!!!<\/p>\n","protected":false},"excerpt":{"rendered":"<p>Leia as mais lindas hist\u00f3rias da b\u00edblia com uma linguagem f\u00e1cil e com ilustra\u00e7\u00f5es maravilhosas que proporcionam aos pequenos ensinamentos&hellip;<\/p>\n","protected":false},"featured_media":344543,"comment_status":"open","ping_status":"closed","template":"","meta":[],"product_cat":[144,134],"product_tag":[],"_links":{"self":[{"href":"https:\/\/www.livrariarema.com.br\/loja\/wp-json\/wp\/v2\/product\/344544"}],"collection":[{"href":"https:\/\/www.livrariarema.com.br\/loja\/wp-json\/wp\/v2\/product"}],"about":[{"href":"https:\/\/www.livrariarema.com.br\/loja\/wp-json\/wp\/v2\/types\/product"}],"replies":[{"embeddable":true,"href":"https:\/\/www.livrariarema.com.br\/loja\/wp-json\/wp\/v2\/comments?post=344544"}],"wp:featuredmedia":[{"embeddable":true,"href":"https:\/\/www.livrariarema.com.br\/loja\/wp-json\/wp\/v2\/media\/344543"}],"wp:attachment":[{"href":"https:\/\/www.livrariarema.com.br\/loja\/wp-json\/wp\/v2\/media?parent=344544"}],"wp:term":[{"taxonomy":"product_cat","embeddable":true,"href":"https:\/\/www.livrariarema.com.br\/loja\/wp-json\/wp\/v2\/product_cat?post=344544"},{"taxonomy":"product_tag","embeddable":true,"href":"https:\/\/www.livrariarema.com.br\/loja\/wp-json\/wp\/v2\/product_tag?post=344544"}],"curies":[{"name":"wp","href":"https:\/\/api.w.org\/{rel}","templated":true}]}}