{"id":344548,"date":"2026-02-11T14:35:46","date_gmt":"2026-02-11T17:35:46","guid":{"rendered":"https:\/\/www.livrariarema.com.br\/loja\/produtos\/sem categoria\/livro-de-banho-biblicos-de-banho-noe\/"},"modified":"2026-04-06T14:20:31","modified_gmt":"2026-04-06T17:20:31","slug":"livro-de-banho-biblicos-de-banho-noe","status":"publish","type":"product","link":"https:\/\/www.livrariarema.com.br\/loja\/produtos\/livros\/infantil\/livro-de-banho-biblicos-de-banho-noe\/","title":{"rendered":"Livro De Banho &#8211; B\u00edblicos De Banho &#8211; No\u00e9"},"content":{"rendered":"<p>Os pequenos v\u00e3o adorar brincar com estes livrinhos de banho, encantadoramente ilustrados que, de forma divertida, os aproximam da B\u00edblia.<\/p>\n","protected":false},"excerpt":{"rendered":"<p>Os pequenos v\u00e3o adorar brincar com estes livrinhos de banho, encantadoramente ilustrados que, de forma divertida, os aproximam da B\u00edblia.<\/p>\n","protected":false},"featured_media":344547,"comment_status":"open","ping_status":"closed","template":"","meta":[],"product_cat":[144,134],"product_tag":[],"_links":{"self":[{"href":"https:\/\/www.livrariarema.com.br\/loja\/wp-json\/wp\/v2\/product\/344548"}],"collection":[{"href":"https:\/\/www.livrariarema.com.br\/loja\/wp-json\/wp\/v2\/product"}],"about":[{"href":"https:\/\/www.livrariarema.com.br\/loja\/wp-json\/wp\/v2\/types\/product"}],"replies":[{"embeddable":true,"href":"https:\/\/www.livrariarema.com.br\/loja\/wp-json\/wp\/v2\/comments?post=344548"}],"wp:featuredmedia":[{"embeddable":true,"href":"https:\/\/www.livrariarema.com.br\/loja\/wp-json\/wp\/v2\/media\/344547"}],"wp:attachment":[{"href":"https:\/\/www.livrariarema.com.br\/loja\/wp-json\/wp\/v2\/media?parent=344548"}],"wp:term":[{"taxonomy":"product_cat","embeddable":true,"href":"https:\/\/www.livrariarema.com.br\/loja\/wp-json\/wp\/v2\/product_cat?post=344548"},{"taxonomy":"product_tag","embeddable":true,"href":"https:\/\/www.livrariarema.com.br\/loja\/wp-json\/wp\/v2\/product_tag?post=344548"}],"curies":[{"name":"wp","href":"https:\/\/api.w.org\/{rel}","templated":true}]}}