{"id":344562,"date":"2026-02-11T14:38:47","date_gmt":"2026-02-11T17:38:47","guid":{"rendered":"https:\/\/www.livrariarema.com.br\/loja\/produtos\/sem categoria\/meu-primeiro-livro-sobre-emocoes\/"},"modified":"2026-02-11T14:38:49","modified_gmt":"2026-02-11T17:38:49","slug":"meu-primeiro-livro-sobre-emocoes","status":"publish","type":"product","link":"https:\/\/www.livrariarema.com.br\/loja\/produtos\/livros\/infantil\/meu-primeiro-livro-sobre-emocoes\/","title":{"rendered":"Meu Primeiro Livro Sobre Emo\u00e7\u00f5es"},"content":{"rendered":"<p>Explore as diferentes emo\u00e7\u00f5es que podemos sentir com este fabuloso livro de abas para puxar e virar, e um bot\u00e3o para girar. Aprender sobre os sentimentos pode ser muito divertido para o pequeno!<\/p>\n","protected":false},"excerpt":{"rendered":"<p>Explore as diferentes emo\u00e7\u00f5es que podemos sentir com este fabuloso livro de abas para puxar e virar, e um bot\u00e3o&hellip;<\/p>\n","protected":false},"featured_media":344561,"comment_status":"open","ping_status":"closed","template":"","meta":[],"product_cat":[144,134],"product_tag":[],"_links":{"self":[{"href":"https:\/\/www.livrariarema.com.br\/loja\/wp-json\/wp\/v2\/product\/344562"}],"collection":[{"href":"https:\/\/www.livrariarema.com.br\/loja\/wp-json\/wp\/v2\/product"}],"about":[{"href":"https:\/\/www.livrariarema.com.br\/loja\/wp-json\/wp\/v2\/types\/product"}],"replies":[{"embeddable":true,"href":"https:\/\/www.livrariarema.com.br\/loja\/wp-json\/wp\/v2\/comments?post=344562"}],"wp:featuredmedia":[{"embeddable":true,"href":"https:\/\/www.livrariarema.com.br\/loja\/wp-json\/wp\/v2\/media\/344561"}],"wp:attachment":[{"href":"https:\/\/www.livrariarema.com.br\/loja\/wp-json\/wp\/v2\/media?parent=344562"}],"wp:term":[{"taxonomy":"product_cat","embeddable":true,"href":"https:\/\/www.livrariarema.com.br\/loja\/wp-json\/wp\/v2\/product_cat?post=344562"},{"taxonomy":"product_tag","embeddable":true,"href":"https:\/\/www.livrariarema.com.br\/loja\/wp-json\/wp\/v2\/product_tag?post=344562"}],"curies":[{"name":"wp","href":"https:\/\/api.w.org\/{rel}","templated":true}]}}